{"id":1860,"date":"2020-08-11T15:41:07","date_gmt":"2020-08-11T19:41:07","guid":{"rendered":"http:\/\/glutenfreefdev.wpenginepowered.com\/pago-dolares-canadienses\/"},"modified":"2025-11-18T17:03:11","modified_gmt":"2025-11-18T22:03:11","slug":"pago-dolares-canadienses","status":"publish","type":"page","link":"https:\/\/glutenfreefoodprogram.com\/es\/pago-dolares-canadienses\/","title":{"rendered":"Pago D\u00f3lares Canadienses"},"content":{"rendered":"\t\t<div data-elementor-type=\"wp-page\" data-elementor-id=\"1860\" class=\"elementor elementor-1860 elementor-338\" data-elementor-post-type=\"page\">\n\t\t\t\t<div class=\"elementor-element elementor-element-341f5fbe e-flex e-con-boxed e-con e-parent\" data-id=\"341f5fbe\" data-element_type=\"container\" data-e-type=\"container\">\n\t\t\t\t\t<div class=\"e-con-inner\">\n\t\t\t\t<div class=\"elementor-element elementor-element-363f324 elementor-position-inline-start elementor-view-default elementor-mobile-position-block-start elementor-widget elementor-widget-icon-box\" data-id=\"363f324\" data-element_type=\"widget\" data-e-type=\"widget\" data-widget_type=\"icon-box.default\">\n\t\t\t\t<div class=\"elementor-widget-container\">\n\t\t\t\t\t\t\t<div class=\"elementor-icon-box-wrapper\">\n\n\t\t\t\t\t\t<div class=\"elementor-icon-box-icon\">\n\t\t\t\t<span  class=\"elementor-icon\">\n\t\t\t\t<i aria-hidden=\"true\" class=\"fab fa-canadian-maple-leaf\"><\/i>\t\t\t\t<\/span>\n\t\t\t<\/div>\n\t\t\t\n\t\t\t\t\t\t<div class=\"elementor-icon-box-content\">\n\n\t\t\t\t\t\t\t\t\t<h1 class=\"elementor-icon-box-title\">\n\t\t\t\t\t\t<span  >\n\t\t\t\t\t\t\tPago de la factura\t\t\t\t\t\t<\/span>\n\t\t\t\t\t<\/h1>\n\t\t\t\t\n\t\t\t\t\n\t\t\t<\/div>\n\t\t\t\n\t\t<\/div>\n\t\t\t\t\t\t<\/div>\n\t\t\t\t<\/div>\n\t\t\t\t<div class=\"elementor-element elementor-element-7dc6cac8 elementor-widget elementor-widget-text-editor\" data-id=\"7dc6cac8\" data-element_type=\"widget\" data-e-type=\"widget\" data-widget_type=\"text-editor.default\">\n\t\t\t\t<div class=\"elementor-widget-container\">\n\t\t\t\t\t\t\t\t\t<div class=\"payment-container\">\n<form action=\"https:\/\/checkout.psigate.com\/HTMLPost\/HTMLMessenger\" method=\"POST\" name=\"subform\">\n<p><input name=\"Description01\" type=\"hidden\" value=\"Online Invoice Payment\"><input name=\"CardAction\" type=\"hidden\" value=\"0\"> <input name=\"StoreKey\" type=\"hidden\" value=\"NEWSETUPwdBNJ7CY75N020413\"> <input name=\"ThanksURL\" type=\"hidden\" value=\"https:\/\/www.merchant-accounts.ca\/paymentApproved.php\"> <input name=\"NoThanksURL\" type=\"hidden\" value=\"https:\/\/www.merchant-accounts.ca\/paymentNotApproved.php\"> <input name=\"ResponseFormat\" type=\"hidden\" value=\"HTML1\"><\/p>\n<div class=\"gf-payment-row\">\n<div class=\"gf-payment-col-25\"><label>Factura #<\/label><\/div>\n<div class=\"gf-payment-col-75\"><input name=\"OrderID\" type=\"text\" placeholder=\"Example: 2223 GFFPCCA or 2224-1 GFFPCCA\"><\/div>\n<\/div>\n<div class=\"gf-payment-row\">\n<div class=\"gf-payment-col-25\"><label>Importe CAD<\/label><\/div>\n<div class=\"gf-payment-col-75\"><input name=\"SubTotal\" required=\"\" type=\"text\" placeholder=\"0.00\"><\/div>\n<\/div>\n<div class=\"gf-payment-row\">\n<div class=\"gf-payment-col-25\"><label>Nombre<\/label><\/div>\n<div class=\"gf-payment-col-75\"><input name=\"Bname\" type=\"text\" placeholder=\"Enter your business name\"><\/div>\n<\/div>\n<div class=\"gf-payment-row\">\n<div class=\"gf-payment-col-25\"><label>Direcci\u00f3n<\/label><\/div>\n<div class=\"gf-payment-col-75\"><input name=\"Baddress1\" type=\"text\" placeholder=\"Enter your business address\"><\/div>\n<\/div>\n<div class=\"gf-payment-row\">\n<div class=\"gf-payment-col-25\"><label>Ciudad<\/label><\/div>\n<div class=\"gf-payment-col-75\"><input name=\"Bcity\" type=\"text\" placeholder=\"Enter the city\"><\/div>\n<\/div>\n<div class=\"gf-payment-row\">\n<div class=\"gf-payment-col-25\"><label>Provincia<\/label><\/div>\n<div class=\"gf-payment-col-75\"><input name=\"Bprovince\" type=\"text\" placeholder=\"Enter the province\"><\/div>\n<\/div>\n<div class=\"gf-payment-row\">\n<div class=\"gf-payment-col-25\"><label>C\u00f3digo postal<\/label><\/div>\n<div class=\"gf-payment-col-75\"><input name=\"Bpostalcode\" type=\"text\" placeholder=\"A1A 1A1\"><\/div>\n<\/div>\n<div class=\"gf-payment-row\">\n<div class=\"gf-payment-col-25\"><label>Pa\u00eds<\/label><\/div>\n<div class=\"gf-payment-col-75\"><input name=\"Bpostalcode\" type=\"text\" placeholder=\"Example: Canada\"><\/div>\n<\/div>\n<div class=\"gf-payment-row\">\n<div class=\"gf-payment-col-25\"><label>Tel\u00e9fono<\/label><\/div>\n<div class=\"gf-payment-col-75\"><input name=\"Phone\" type=\"text\" placeholder=\"123-456-7890\"><\/div>\n<\/div>\n<div class=\"gf-payment-row\">\n<div class=\"gf-payment-col-25\"><label>Correo electr\u00f3nico<\/label><\/div>\n<div class=\"gf-payment-col-75\"><input name=\"Email\" required=\"\" type=\"text\" placeholder=\"Enter your email address\"><\/div>\n<\/div>\n<div style=\"height: 20px; width: 100%; display: inline-block;\"> <\/div>\n<p><input type=\"submit\" value=\"Continue\"><\/p>\n<div class=\"form-disclaimer\">Al presionar &#8220;continuar&#8221;, ser\u00e1 dirigido fuera del sitio a nuestro sistema de pago en <a href=\"https:\/\/merchant-accounts.ca\/\" target=\"_blank\" rel=\"noopener\">mercantil-accounts.ca<\/a><\/div>\n<\/form>\n<\/div>\n\t\t\t\t\t\t\t\t<\/div>\n\t\t\t\t<\/div>\n\t\t\t\t\t<\/div>\n\t\t\t\t<\/div>\n\t\t<div class=\"elementor-element elementor-element-c999325 e-flex e-con-boxed e-con e-parent\" data-id=\"c999325\" data-element_type=\"container\" data-e-type=\"container\">\n\t\t\t\t\t<div class=\"e-con-inner\">\n\t\t\t\t\t<\/div>\n\t\t\t\t<\/div>\n\t\t\t\t<\/div>\n\t\t","protected":false},"excerpt":{"rendered":"<p>Pago de la factura Factura # Importe CAD Nombre Direcci\u00f3n Ciudad Provincia C\u00f3digo postal Pa\u00eds Tel\u00e9fono Correo electr\u00f3nico Al presionar &#8220;continuar&#8221;, ser\u00e1 dirigido fuera del sitio a nuestro sistema de pago en mercantil-accounts.ca<\/p>\n","protected":false},"author":15,"featured_media":0,"parent":0,"menu_order":0,"comment_status":"closed","ping_status":"closed","template":"","meta":{"_acf_changed":false,"site-sidebar-layout":"default","site-content-layout":"","ast-site-content-layout":"default","site-content-style":"default","site-sidebar-style":"default","ast-global-header-display":"","ast-banner-title-visibility":"","ast-main-header-display":"","ast-hfb-above-header-display":"","ast-hfb-below-header-display":"","ast-hfb-mobile-header-display":"","site-post-title":"","ast-breadcrumbs-content":"","ast-featured-img":"","footer-sml-layout":"","ast-disable-related-posts":"","theme-transparent-header-meta":"","adv-header-id-meta":"","stick-header-meta":"","header-above-stick-meta":"","header-main-stick-meta":"","header-below-stick-meta":"","astra-migrate-meta-layouts":"default","ast-page-background-enabled":"default","ast-page-background-meta":{"desktop":{"background-color":"","background-image":"","background-repeat":"repeat","background-position":"center center","background-size":"auto","background-attachment":"scroll","background-type":"","background-media":"","overlay-type":"","overlay-color":"","overlay-opacity":"","overlay-gradient":""},"tablet":{"background-color":"","background-image":"","background-repeat":"repeat","background-position":"center center","background-size":"auto","background-attachment":"scroll","background-type":"","background-media":"","overlay-type":"","overlay-color":"","overlay-opacity":"","overlay-gradient":""},"mobile":{"background-color":"","background-image":"","background-repeat":"repeat","background-position":"center center","background-size":"auto","background-attachment":"scroll","background-type":"","background-media":"","overlay-type":"","overlay-color":"","overlay-opacity":"","overlay-gradient":""}},"ast-content-background-meta":{"desktop":{"background-color":"var(--ast-global-color-5)","background-image":"","background-repeat":"repeat","background-position":"center center","background-size":"auto","background-attachment":"scroll","background-type":"","background-media":"","overlay-type":"","overlay-color":"","overlay-opacity":"","overlay-gradient":""},"tablet":{"background-color":"var(--ast-global-color-5)","background-image":"","background-repeat":"repeat","background-position":"center center","background-size":"auto","background-attachment":"scroll","background-type":"","background-media":"","overlay-type":"","overlay-color":"","overlay-opacity":"","overlay-gradient":""},"mobile":{"background-color":"var(--ast-global-color-5)","background-image":"","background-repeat":"repeat","background-position":"center center","background-size":"auto","background-attachment":"scroll","background-type":"","background-media":"","overlay-type":"","overlay-color":"","overlay-opacity":"","overlay-gradient":""}},"footnotes":""},"class_list":["post-1860","page","type-page","status-publish","hentry"],"acf":[],"yoast_head":"<!-- This site is optimized with the Yoast SEO plugin v27.0 - https:\/\/yoast.com\/product\/yoast-seo-wordpress\/ -->\n<title>Pago D\u00f3lares Canadienses - Gluten-Free Food Program -ES<\/title>\n<meta name=\"description\" content=\"Pago de la factura Factura # Importe CAD Nombre Direcci\u00f3n Ciudad Provincia C\u00f3digo postal Pa\u00eds Tel\u00e9fono Correo electr\u00f3nico Al presionar &quot;continuar&quot;, ser\u00e1\" \/>\n<meta name=\"robots\" content=\"index, follow, max-snippet:-1, max-image-preview:large, max-video-preview:-1\" \/>\n<link rel=\"canonical\" href=\"https:\/\/glutenfreefoodprogram.com\/es\/pago-dolares-canadienses\/\" \/>\n<meta property=\"og:locale\" content=\"es_ES\" \/>\n<meta property=\"og:type\" content=\"article\" \/>\n<meta property=\"og:title\" content=\"Pago D\u00f3lares Canadienses - Gluten-Free Food Program -ES\" \/>\n<meta property=\"og:description\" content=\"Pago de la factura Factura # Importe CAD Nombre Direcci\u00f3n Ciudad Provincia C\u00f3digo postal Pa\u00eds Tel\u00e9fono Correo electr\u00f3nico Al presionar &quot;continuar&quot;, ser\u00e1\" \/>\n<meta property=\"og:url\" content=\"https:\/\/glutenfreefoodprogram.com\/es\/pago-dolares-canadienses\/\" \/>\n<meta property=\"og:site_name\" content=\"Gluten-Free Food Program\" \/>\n<meta property=\"article:publisher\" content=\"https:\/\/www.facebook.com\/gffoodprogram\/\" \/>\n<meta property=\"article:modified_time\" content=\"2025-11-18T22:03:11+00:00\" \/>\n<meta property=\"og:image\" content=\"https:\/\/glutenfreefoodprogram.com\/wp-content\/uploads\/2022\/10\/blog-recipe-banners.jpg\" \/>\n\t<meta property=\"og:image:width\" content=\"2240\" \/>\n\t<meta property=\"og:image:height\" content=\"1260\" \/>\n\t<meta property=\"og:image:type\" content=\"image\/jpeg\" \/>\n<meta name=\"twitter:card\" content=\"summary_large_image\" \/>\n<meta name=\"twitter:site\" content=\"@gffoodprogram\" \/>\n<script type=\"application\/ld+json\" class=\"yoast-schema-graph\">{\"@context\":\"https:\/\/schema.org\",\"@graph\":[{\"@type\":\"WebPage\",\"@id\":\"https:\/\/glutenfreefoodprogram.com\/es\/pago-dolares-canadienses\/\",\"url\":\"https:\/\/glutenfreefoodprogram.com\/es\/pago-dolares-canadienses\/\",\"name\":\"Pago D\u00f3lares Canadienses - Gluten-Free Food Program -ES\",\"isPartOf\":{\"@id\":\"https:\/\/glutenfreefoodprogram.com\/es\/#website\"},\"datePublished\":\"2020-08-11T19:41:07+00:00\",\"dateModified\":\"2025-11-18T22:03:11+00:00\",\"description\":\"Pago de la factura Factura # Importe CAD Nombre Direcci\u00f3n Ciudad Provincia C\u00f3digo postal Pa\u00eds Tel\u00e9fono Correo electr\u00f3nico Al presionar \\\"continuar\\\", ser\u00e1\",\"breadcrumb\":{\"@id\":\"https:\/\/glutenfreefoodprogram.com\/es\/pago-dolares-canadienses\/#breadcrumb\"},\"inLanguage\":\"es\",\"potentialAction\":[{\"@type\":\"ReadAction\",\"target\":[\"https:\/\/glutenfreefoodprogram.com\/es\/pago-dolares-canadienses\/\"]}]},{\"@type\":\"BreadcrumbList\",\"@id\":\"https:\/\/glutenfreefoodprogram.com\/es\/pago-dolares-canadienses\/#breadcrumb\",\"itemListElement\":[{\"@type\":\"ListItem\",\"position\":1,\"name\":\"Home\",\"item\":\"https:\/\/glutenfreefoodprogram.com\/es\/\"},{\"@type\":\"ListItem\",\"position\":2,\"name\":\"Pago D\u00f3lares Canadienses\"}]},{\"@type\":\"WebSite\",\"@id\":\"https:\/\/glutenfreefoodprogram.com\/es\/#website\",\"url\":\"https:\/\/glutenfreefoodprogram.com\/es\/\",\"name\":\"Gluten-Free Food Program\",\"description\":\"Your Premier Partner In Gluten-Free Certification\",\"publisher\":{\"@id\":\"https:\/\/glutenfreefoodprogram.com\/es\/#organization\"},\"potentialAction\":[{\"@type\":\"SearchAction\",\"target\":{\"@type\":\"EntryPoint\",\"urlTemplate\":\"https:\/\/glutenfreefoodprogram.com\/es\/?s={search_term_string}\"},\"query-input\":{\"@type\":\"PropertyValueSpecification\",\"valueRequired\":true,\"valueName\":\"search_term_string\"}}],\"inLanguage\":\"es\"},{\"@type\":\"Organization\",\"@id\":\"https:\/\/glutenfreefoodprogram.com\/es\/#organization\",\"name\":\"Gluten-Free Food Program\",\"url\":\"https:\/\/glutenfreefoodprogram.com\/es\/\",\"logo\":{\"@type\":\"ImageObject\",\"inLanguage\":\"es\",\"@id\":\"https:\/\/glutenfreefoodprogram.com\/es\/#\/schema\/logo\/image\/\",\"url\":\"https:\/\/glutenfreefoodprogram.com\/wp-content\/uploads\/2022\/06\/large-logo-with-tag-ES.png\",\"contentUrl\":\"https:\/\/glutenfreefoodprogram.com\/wp-content\/uploads\/2022\/06\/large-logo-with-tag-ES.png\",\"width\":2963,\"height\":622,\"caption\":\"Gluten-Free Food Program\"},\"image\":{\"@id\":\"https:\/\/glutenfreefoodprogram.com\/es\/#\/schema\/logo\/image\/\"},\"sameAs\":[\"https:\/\/www.facebook.com\/gffoodprogram\/\",\"https:\/\/x.com\/gffoodprogram\",\"https:\/\/www.linkedin.com\/company\/gffp-usa\/\",\"https:\/\/www.instagram.com\/gffoodprogram\/\"]}]}<\/script>\n<!-- \/ Yoast SEO plugin. -->","yoast_head_json":{"title":"Pago D\u00f3lares Canadienses - Gluten-Free Food Program -ES","description":"Pago de la factura Factura # Importe CAD Nombre Direcci\u00f3n Ciudad Provincia C\u00f3digo postal Pa\u00eds Tel\u00e9fono Correo electr\u00f3nico Al presionar \"continuar\", ser\u00e1","robots":{"index":"index","follow":"follow","max-snippet":"max-snippet:-1","max-image-preview":"max-image-preview:large","max-video-preview":"max-video-preview:-1"},"canonical":"https:\/\/glutenfreefoodprogram.com\/es\/pago-dolares-canadienses\/","og_locale":"es_ES","og_type":"article","og_title":"Pago D\u00f3lares Canadienses - Gluten-Free Food Program -ES","og_description":"Pago de la factura Factura # Importe CAD Nombre Direcci\u00f3n Ciudad Provincia C\u00f3digo postal Pa\u00eds Tel\u00e9fono Correo electr\u00f3nico Al presionar \"continuar\", ser\u00e1","og_url":"https:\/\/glutenfreefoodprogram.com\/es\/pago-dolares-canadienses\/","og_site_name":"Gluten-Free Food Program","article_publisher":"https:\/\/www.facebook.com\/gffoodprogram\/","article_modified_time":"2025-11-18T22:03:11+00:00","og_image":[{"width":2240,"height":1260,"url":"https:\/\/glutenfreefoodprogram.com\/wp-content\/uploads\/2022\/10\/blog-recipe-banners.jpg","type":"image\/jpeg"}],"twitter_card":"summary_large_image","twitter_site":"@gffoodprogram","schema":{"@context":"https:\/\/schema.org","@graph":[{"@type":"WebPage","@id":"https:\/\/glutenfreefoodprogram.com\/es\/pago-dolares-canadienses\/","url":"https:\/\/glutenfreefoodprogram.com\/es\/pago-dolares-canadienses\/","name":"Pago D\u00f3lares Canadienses - Gluten-Free Food Program -ES","isPartOf":{"@id":"https:\/\/glutenfreefoodprogram.com\/es\/#website"},"datePublished":"2020-08-11T19:41:07+00:00","dateModified":"2025-11-18T22:03:11+00:00","description":"Pago de la factura Factura # Importe CAD Nombre Direcci\u00f3n Ciudad Provincia C\u00f3digo postal Pa\u00eds Tel\u00e9fono Correo electr\u00f3nico Al presionar \"continuar\", ser\u00e1","breadcrumb":{"@id":"https:\/\/glutenfreefoodprogram.com\/es\/pago-dolares-canadienses\/#breadcrumb"},"inLanguage":"es","potentialAction":[{"@type":"ReadAction","target":["https:\/\/glutenfreefoodprogram.com\/es\/pago-dolares-canadienses\/"]}]},{"@type":"BreadcrumbList","@id":"https:\/\/glutenfreefoodprogram.com\/es\/pago-dolares-canadienses\/#breadcrumb","itemListElement":[{"@type":"ListItem","position":1,"name":"Home","item":"https:\/\/glutenfreefoodprogram.com\/es\/"},{"@type":"ListItem","position":2,"name":"Pago D\u00f3lares Canadienses"}]},{"@type":"WebSite","@id":"https:\/\/glutenfreefoodprogram.com\/es\/#website","url":"https:\/\/glutenfreefoodprogram.com\/es\/","name":"Gluten-Free Food Program","description":"Your Premier Partner In Gluten-Free Certification","publisher":{"@id":"https:\/\/glutenfreefoodprogram.com\/es\/#organization"},"potentialAction":[{"@type":"SearchAction","target":{"@type":"EntryPoint","urlTemplate":"https:\/\/glutenfreefoodprogram.com\/es\/?s={search_term_string}"},"query-input":{"@type":"PropertyValueSpecification","valueRequired":true,"valueName":"search_term_string"}}],"inLanguage":"es"},{"@type":"Organization","@id":"https:\/\/glutenfreefoodprogram.com\/es\/#organization","name":"Gluten-Free Food Program","url":"https:\/\/glutenfreefoodprogram.com\/es\/","logo":{"@type":"ImageObject","inLanguage":"es","@id":"https:\/\/glutenfreefoodprogram.com\/es\/#\/schema\/logo\/image\/","url":"https:\/\/glutenfreefoodprogram.com\/wp-content\/uploads\/2022\/06\/large-logo-with-tag-ES.png","contentUrl":"https:\/\/glutenfreefoodprogram.com\/wp-content\/uploads\/2022\/06\/large-logo-with-tag-ES.png","width":2963,"height":622,"caption":"Gluten-Free Food Program"},"image":{"@id":"https:\/\/glutenfreefoodprogram.com\/es\/#\/schema\/logo\/image\/"},"sameAs":["https:\/\/www.facebook.com\/gffoodprogram\/","https:\/\/x.com\/gffoodprogram","https:\/\/www.linkedin.com\/company\/gffp-usa\/","https:\/\/www.instagram.com\/gffoodprogram\/"]}]}},"_links":{"self":[{"href":"https:\/\/glutenfreefoodprogram.com\/es\/wp-json\/wp\/v2\/pages\/1860","targetHints":{"allow":["GET"]}}],"collection":[{"href":"https:\/\/glutenfreefoodprogram.com\/es\/wp-json\/wp\/v2\/pages"}],"about":[{"href":"https:\/\/glutenfreefoodprogram.com\/es\/wp-json\/wp\/v2\/types\/page"}],"author":[{"embeddable":true,"href":"https:\/\/glutenfreefoodprogram.com\/es\/wp-json\/wp\/v2\/users\/15"}],"replies":[{"embeddable":true,"href":"https:\/\/glutenfreefoodprogram.com\/es\/wp-json\/wp\/v2\/comments?post=1860"}],"version-history":[{"count":0,"href":"https:\/\/glutenfreefoodprogram.com\/es\/wp-json\/wp\/v2\/pages\/1860\/revisions"}],"wp:attachment":[{"href":"https:\/\/glutenfreefoodprogram.com\/es\/wp-json\/wp\/v2\/media?parent=1860"}],"curies":[{"name":"wp","href":"https:\/\/api.w.org\/{rel}","templated":true}]}}