{"id":1872,"date":"2020-07-16T19:49:35","date_gmt":"2020-07-16T23:49:35","guid":{"rendered":"http:\/\/glutenfreefdev.wpenginepowered.com\/a-propos-de-nous\/"},"modified":"2022-06-01T11:34:56","modified_gmt":"2022-06-01T15:34:56","slug":"a-propos-de-nous","status":"publish","type":"page","link":"https:\/\/glutenfreefoodprogram.com\/fr\/a-propos-de-nous\/","title":{"rendered":"Qui sommes-nous ?"},"content":{"rendered":"<p>[cs_content][cs_element_section _id=&#8221;1&#8243; ][cs_element_layout_row _id=&#8221;2&#8243; ][cs_element_layout_column _id=&#8221;3&#8243; ][cs_element_headline _id=&#8221;4&#8243; ][cs_content_seo]\u00c0 propos de PASG\\n\\n[\/cs_content_seo][cs_element_text _id=&#8221;5&#8243; ][cs_content_seo]Depuis 2004, le Programme d\u2019aliments sans gluten (PASG) est l&#8217;un des principaux fournisseurs de services de certification sans gluten aux \u00c9tats-Unis, au Canada et dans le monde.<br \/>\nLa marque de confiance certifi\u00e9e (PASG) est largement reconnu par les d\u00e9taillants en alimentation, les leaders de la s\u00e9curit\u00e9 alimentaire et les consommateurs sans gluten du monde entier. Elle est tr\u00e8s appr\u00e9ci\u00e9 par les fabricants et les propri\u00e9taires de marques de tous les secteurs pour aider \u00e0 promouvoir la s\u00e9curit\u00e9 des aliments sans gluten et \u00e0 renforcer la confiance dans les produits qu&#8217;ils fabriquent.<br \/>\nPASG est approuv\u00e9 par la National Celiac Association. Cette approbation fournit un message de soutien puissant pour aider nos clients \u00e0 atteindre tous les recoins du march\u00e9 sans gluten en pleine croissance, \u00e0 am\u00e9liorer consid\u00e9rablement la visibilit\u00e9 des produits sur le point de vente et \u00e0 maximiser la fid\u00e9lit\u00e9 des clients \u00e0 long terme.\\n\\n[\/cs_content_seo][cs_element_button _id=&#8221;6&#8243; ][cs_content_seo]Commencer\\n\\n[\/cs_content_seo][cs_element_button _id=&#8221;7&#8243; ][cs_content_seo]Contactez-nous\\n\\n[\/cs_content_seo][\/cs_element_layout_column][cs_element_layout_column _id=&#8221;8&#8243; ][\/cs_element_layout_column][\/cs_element_layout_row][\/cs_element_section][cs_element_section _id=&#8221;9&#8243; ][cs_element_layout_row _id=&#8221;10&#8243; ][cs_element_layout_column _id=&#8221;11&#8243; ][cs_element_headline _id=&#8221;12&#8243; ][cs_content_seo]Cr\u00e9\u00e9 en 2004\\n\\n[\/cs_content_seo][cs_element_button _id=&#8221;13&#8243; ][cs_content_seo]Commencer\\n\\n[\/cs_content_seo][cs_element_text _id=&#8221;14&#8243; ][cs_content_seo]Historique du programme<br \/>\nLe Programme d&#8217;aliments sans gluten (PASG) a \u00e9t\u00e9 cr\u00e9\u00e9 en 2004 par la Celiac Sprue Association (CSA) et a \u00e9t\u00e9 le premier programme en Am\u00e9rique du Nord \u00e0 certifier les fabricants et les propri\u00e9taires de marques sans gluten tout en assurant la d\u00e9fense et l&#8217;\u00e9ducation de la communaut\u00e9 coeliaque. La National Celiac Association (NCA) a ensuite acquis les actifs de la CSA, y compris ce programme de certification sans gluten, devenant ainsi la plus grande organisation \u00e0 but non lucratif contre la maladie coeliaque aux \u00c9tats-Unis gr\u00e2ce \u00e0 plus de 70 groupes de soutien et plus de 50 chapitres \u00e0 travers le pays.<br \/>\nAujourd&#8217;hui, le programme est administr\u00e9 sous le nom de Programme d\u2019aliments sans gluten avec un logo de certification sans gluten clair et distinctif con\u00e7u pour souligner les objectifs et les valeurs de PASG en tant que leader de l&#8217;industrie, et distinguer strat\u00e9giquement nos clients et leurs produits et marques sans gluten dans la place du march\u00e9.<br \/>\nD\u00e9velopp\u00e9 par des experts de l&#8217;industrie<br \/>\nLe PASG est d\u00e9velopp\u00e9 par des experts de l&#8217;industrie avec des normes fond\u00e9es sur des approches de s\u00e9curit\u00e9 pr\u00e9ventives et sans gluten accept\u00e9es \u00e0 l&#8217;\u00e9chelle mondiale pour la fabrication de produits sans gluten. La certification sans gluten PASG r\u00e9pond aux crit\u00e8res les plus stricts de \u00abWBRO-Free (sans bl\u00e9, orge, seigle et avoine commerciale) &#8211; dans les produits, la transformation et l&#8217;emballage\u00bb, et r\u00e9pond aux exigences l\u00e9gales du gouvernement en mati\u00e8re d&#8217;\u00e9tiquetage des aliments sans gluten aux \u00c9tats-Unis, au Canada et dans le monde. Les normes de certification sans gluten de PASG augmentent la confiance des consommateurs dans le fait que les proc\u00e9dures de fabrication ont \u00e9t\u00e9 examin\u00e9es et certifi\u00e9es par un expert ind\u00e9pendant sans gluten et d\u00e9montrent la l\u00e9gitimit\u00e9 des processus sans gluten du fabricant.<br \/>\nApprouv\u00e9 par la National Celiac Association<br \/>\nLa marque de confiance certifi\u00e9e PASG est approuv\u00e9e par la National Celiac Association. Cette approbation fournit aux clients certifi\u00e9s PASG un message de soutien puissant pour aider efficacement \u00e0 commercialiser et \u00e0 communiquer avec la communaut\u00e9 sans gluten, \u00e0 \u00e9tablir de v\u00e9ritables relations et \u00e0 maximiser la fid\u00e9lit\u00e9 des clients \u00e0 long terme.\\n\\n[\/cs_content_seo][\/cs_element_layout_column][cs_element_layout_column _id=&#8221;15&#8243; ][cs_element_image _id=&#8221;16&#8243; ][cs_element_headline _id=&#8221;17&#8243; ][cs_content_seo]2004\\n\\n[\/cs_content_seo][cs_element_text _id=&#8221;18&#8243; ][cs_content_seo]Le Programme d&#8217;aliments sans gluten (PASG) a \u00e9t\u00e9 initialement cr\u00e9\u00e9 en 2004 par la Celiac Sprue Association (CSA) et a \u00e9t\u00e9 le premier programme de ce type \u00e0 certifier les fabricants et les marques sans gluten.\\n\\n[\/cs_content_seo][cs_element_image _id=&#8221;19&#8243; ][cs_element_text _id=&#8221;20&#8243; ][cs_content_seo]La National Celiac Association (NCA) acquiert les actifs de CSA, y compris ce programme de certification sans gluten.\\n\\n[\/cs_content_seo][cs_element_image _id=&#8221;21&#8243; ][cs_element_headline _id=&#8221;22&#8243; ][cs_content_seo]Aujourd&#8217;hui\\n\\n[\/cs_content_seo][cs_element_text _id=&#8221;23&#8243; ][cs_content_seo]La marque de confiance certifi\u00e9e PASG se distingue clairement sur l&#8217;emballage des produits et dans les communications marketing, et permet \u00e0 nos clients de s&#8217;engager facilement et d&#8217;\u00e9tablir la confiance avec les consommateurs sans gluten au point de vente.\\n\\n[\/cs_content_seo][\/cs_element_layout_column][\/cs_element_layout_row][\/cs_element_section][cs_element_section _id=&#8221;24&#8243; ][cs_element_layout_row _id=&#8221;25&#8243; ][cs_element_layout_column _id=&#8221;26&#8243; ][cs_element_headline _id=&#8221;27&#8243; ][cs_content_seo]La certification sans gluten PASG d\u00e9montre un engagement envers l&#8217;excellence sans gluten\\n\\nO\u00f9 que se trouve votre entreprise et dans n&#8217;importe quel secteur, nous nous associons \u00e0 vous pour r\u00e9duire les risques,\u2063\u2063 prot\u00e9gez l&#8217;int\u00e9grit\u00e9 de votre marque et offrez un avantage concurrentiel sur le march\u00e9 sans gluten.\\n\\n[\/cs_content_seo][\/cs_element_layout_column][\/cs_element_layout_row][cs_element_layout_row _id=&#8221;28&#8243; ][cs_element_layout_column _id=&#8221;29&#8243; ][cs_element_text _id=&#8221;30&#8243; ][cs_content_seo]Depuis 2004, PASG est un leader de confiance dans la certification sans gluten.<br \/>\nNous proposons le programme de certification sans gluten le plus complet, le plus pratique et le plus abordable du secteur.<br \/>\nLa marque de confiance certifi\u00e9e PASG est hautement reconnu et appr\u00e9ci\u00e9 dans tous les secteurs aux \u00c9tats-Unis, au Canada et dans le monde.<br \/>\nNous offrons une vari\u00e9t\u00e9 de services \u00e0 valeur ajout\u00e9e pour aider nos clients \u00e0 commercialiser et \u00e0 promouvoir leurs produits et marques sans gluten.<br \/>\nTous livr\u00e9s avec l&#8217;excellence du service client de mani\u00e8re rapide et conviviale.<br \/>\n\\n\\n[\/cs_content_seo][\/cs_element_layout_column][\/cs_element_layout_row][\/cs_element_section][cs_element_section _id=&#8221;31&#8243; ][cs_element_layout_row _id=&#8221;32&#8243; ][cs_element_layout_column _id=&#8221;33&#8243; ][cs_element_headline _id=&#8221;34&#8243; ][cs_content_seo]Votre parcours vers la certification sans gluten commence ici\\n\\nPASG est votre premier partenaire en mati\u00e8re de certification sans gluten\\n\\n[\/cs_content_seo][\/cs_element_layout_column][\/cs_element_layout_row][cs_element_layout_row _id=&#8221;35&#8243; ][cs_element_layout_column _id=&#8221;36&#8243; ][cs_element_image _id=&#8221;37&#8243; ][cs_element_headline _id=&#8221;38&#8243; ][cs_content_seo]Certification PASG sans gluten pour les produits manufactur\u00e9s\\n\\n[\/cs_content_seo][cs_element_text _id=&#8221;39&#8243; ][cs_content_seo]La certification sans gluten PASG fournit aux fabricants et aux propri\u00e9taires de marques les normes les plus \u00e9lev\u00e9es et les meilleures pratiques pour respecter les r\u00e9glementations gouvernementales en mati\u00e8re d&#8217;\u00e9tiquetage des aliments sans gluten et aider \u00e0 prot\u00e9ger les consommateurs sans gluten. Les clients certifi\u00e9s PASG re\u00e7oivent le logo de la marque de confiance certifi\u00e9e PASG \u00e0 utiliser sur l&#8217;emballage du produit ainsi que les messages du programme pour les sites Web et la communication sur les r\u00e9seaux sociaux afin de commercialiser et de promouvoir leurs produits comme \u00e9tant certifi\u00e9s sans gluten, s\u00fbrs et fiables.\\n\\n[\/cs_content_seo][cs_element_button _id=&#8221;40&#8243; ][cs_content_seo]Pour en savoir plus\\n\\n[\/cs_content_seo][\/cs_element_layout_column][cs_element_layout_column _id=&#8221;41&#8243; ][cs_element_line _id=&#8221;42&#8243; ][cs_element_line _id=&#8221;43&#8243; ][\/cs_element_layout_column][cs_element_layout_column _id=&#8221;44&#8243; ][cs_element_image _id=&#8221;45&#8243; ][cs_element_headline _id=&#8221;46&#8243; ][cs_content_seo]Certification PASG sans gluten pour les restaurants et les \u00e9tablissements de restauration\\n\\n[\/cs_content_seo][cs_element_text _id=&#8221;47&#8243; ][cs_content_seo]La certification sans gluten PASG fournit aux restaurants et \u00e9tablissements de restauration sans gluten les normes les plus \u00e9lev\u00e9es et les meilleures pratiques pour r\u00e9pondre aux besoins di\u00e9t\u00e9tiques particuliers des clients sans gluten. Les clients certifi\u00e9s PASG re\u00e7oivent le logo de la marque de confiance certifi\u00e9e PASG \u00e0 utiliser sur les tableaux de menu, les portes d&#8217;entr\u00e9e et les vitrines des magasins, ainsi que la messagerie du programme pour les sites Web et les communications sur les r\u00e9seaux sociaux afin de commercialiser et de promouvoir une exp\u00e9rience culinaire sans gluten s\u00fbre et fiable.\\n\\n[\/cs_content_seo][cs_element_button _id=&#8221;48&#8243; ][cs_content_seo]Pour en savoir plus\\n\\n[\/cs_content_seo][\/cs_element_layout_column][\/cs_element_layout_row][\/cs_element_section][cs_element_section _id=&#8221;49&#8243; ][cs_element_layout_row _id=&#8221;50&#8243; ][cs_element_layout_column _id=&#8221;51&#8243; ][cs_element_headline _id=&#8221;52&#8243; ][cs_content_seo]Approuv\u00e9 par la National Celiac Association\\n\\nL&#8217;approbation de la National Celiac Association fournit aux marques sans gluten un message de soutien puissant pour aider \u00e0 commercialiser et \u00e0 communiquer efficacement avec la communaut\u00e9 sans gluten, \u00e0 \u00e9tablir de v\u00e9ritables relations et \u00e0 maximiser la fid\u00e9lit\u00e9 \u00e0 long terme de la client\u00e8le.\\n\\n[\/cs_content_seo][\/cs_element_layout_column][\/cs_element_layout_row][cs_element_layout_row _id=&#8221;53&#8243; ][cs_element_layout_column _id=&#8221;54&#8243; ][\/cs_element_layout_column][cs_element_layout_column _id=&#8221;55&#8243; ][cs_element_image _id=&#8221;56&#8243; ][cs_element_button _id=&#8221;57&#8243; ][cs_content_seo]Pour en savoir plus\\n\\n[\/cs_content_seo][\/cs_element_layout_column][cs_element_layout_column _id=&#8221;58&#8243; ][\/cs_element_layout_column][\/cs_element_layout_row][\/cs_element_section][cs_element_section _id=&#8221;59&#8243; ][cs_element_layout_row _id=&#8221;60&#8243; ][cs_element_layout_column _id=&#8221;61&#8243; ][cs_element_image _id=&#8221;62&#8243; ][\/cs_element_layout_column][cs_element_layout_column _id=&#8221;63&#8243; ][cs_element_headline _id=&#8221;64&#8243; ][cs_content_seo]D\u00e9di\u00e9 \u00e0 l&#8217;am\u00e9lioration de la valeur client\\n\\n[\/cs_content_seo][cs_element_text _id=&#8221;65&#8243; ][cs_content_seo]Chaque client certifi\u00e9 PASG re\u00e7oit gratuitement des listes d&#8217;entreprises et de produits sur notre site Web ax\u00e9 sur les consommateurs.\u2063\u2063 GF-Finder.com\u2063\u2063 pour \u00e9largir l&#8217;exposition et aider \u00e0 renforcer la fid\u00e9lit\u00e9 \u00e0 la marque.<br \/>\nD\u00e9couvrez Certification Plus\u2122\u2063\u2063 et d\u00e9couvrez comment PASG peut faire encore plus pour soutenir vos initiatives publicitaires et de m\u00e9dias sociaux.<br \/>\nLe PASG a une mission sociale. Une partie de nos frais de certification est revers\u00e9e \u00e0 nos partenaires coeliaques pour soutenir leur personnel, leur travail de plaidoyer, et les communaut\u00e9s coeliaques qu&#8217;ils soutiennent et servent.<br \/>\n\\n\\n[\/cs_content_seo][cs_element_button _id=&#8221;66&#8243; ][cs_content_seo]Appliquer maintenant\\n\\n[\/cs_content_seo][\/cs_element_layout_column][\/cs_element_layout_row][\/cs_element_section][cs_element_section _id=&#8221;67&#8243; ][cs_element_layout_row _id=&#8221;68&#8243; ][cs_element_layout_column _id=&#8221;69&#8243; ][cs_element_icon _id=&#8221;70&#8243; ][cs_element_headline _id=&#8221;71&#8243; ][cs_content_seo]Vous avez des questions ou vous ne savez pas par o\u00f9 commencer?\\n\\nContactez-nous\u2063 pour parler avec un repr\u00e9sentant ou recevoir un devis sans engagement. Notre personnel est disponible \u00e0 tout moment pour r\u00e9pondre aux questions et vous aider \u00e0 prendre des d\u00e9cisions en vue d&#8217;obtenir la certification sans gluten pour votre entreprise.\\n\\n[\/cs_content_seo][cs_element_button _id=&#8221;72&#8243; ][cs_content_seo]Contactez-nous\\n\\n[\/cs_content_seo][\/cs_element_layout_column][\/cs_element_layout_row][\/cs_element_section][\/cs_content]<\/p>\n","protected":false},"excerpt":{"rendered":"<p>[cs_content][cs_element_section _id=&#8221;1&#8243; ][cs_element_layout_row _id=&#8221;2&#8243; ][cs_element_layout_column _id=&#8221;3&#8243; ][cs_element_headline _id=&#8221;4&#8243; ][cs_content_seo]\u00c0 propos de PASG\\n\\n[\/cs_content_seo][cs_element_text _id=&#8221;5&#8243; ][cs_content_seo]Depuis 2004, le Programme d\u2019aliments sans gluten (PASG) est l&#8217;un des principaux fournisseurs de services de certification sans gluten aux \u00c9tats-Unis, au Canada et dans le monde. La marque de confiance certifi\u00e9e (PASG) est largement reconnu par les d\u00e9taillants en alimentation, les [&hellip;]<\/p>\n","protected":false},"author":15,"featured_media":0,"parent":0,"menu_order":0,"comment_status":"closed","ping_status":"closed","template":"template-blank-4.php","meta":{"_acf_changed":false,"site-sidebar-layout":"default","site-content-layout":"","ast-site-content-layout":"default","site-content-style":"default","site-sidebar-style":"default","ast-global-header-display":"","ast-banner-title-visibility":"","ast-main-header-display":"","ast-hfb-above-header-display":"","ast-hfb-below-header-display":"","ast-hfb-mobile-header-display":"","site-post-title":"","ast-breadcrumbs-content":"","ast-featured-img":"","footer-sml-layout":"","ast-disable-related-posts":"","theme-transparent-header-meta":"","adv-header-id-meta":"","stick-header-meta":"","header-above-stick-meta":"","header-main-stick-meta":"","header-below-stick-meta":"","astra-migrate-meta-layouts":"default","ast-page-background-enabled":"default","ast-page-background-meta":{"desktop":{"background-color":"","background-image":"","background-repeat":"repeat","background-position":"center center","background-size":"auto","background-attachment":"scroll","background-type":"","background-media":"","overlay-type":"","overlay-color":"","overlay-opacity":"","overlay-gradient":""},"tablet":{"background-color":"","background-image":"","background-repeat":"repeat","background-position":"center center","background-size":"auto","background-attachment":"scroll","background-type":"","background-media":"","overlay-type":"","overlay-color":"","overlay-opacity":"","overlay-gradient":""},"mobile":{"background-color":"","background-image":"","background-repeat":"repeat","background-position":"center center","background-size":"auto","background-attachment":"scroll","background-type":"","background-media":"","overlay-type":"","overlay-color":"","overlay-opacity":"","overlay-gradient":""}},"ast-content-background-meta":{"desktop":{"background-color":"var(--ast-global-color-5)","background-image":"","background-repeat":"repeat","background-position":"center center","background-size":"auto","background-attachment":"scroll","background-type":"","background-media":"","overlay-type":"","overlay-color":"","overlay-opacity":"","overlay-gradient":""},"tablet":{"background-color":"var(--ast-global-color-5)","background-image":"","background-repeat":"repeat","background-position":"center center","background-size":"auto","background-attachment":"scroll","background-type":"","background-media":"","overlay-type":"","overlay-color":"","overlay-opacity":"","overlay-gradient":""},"mobile":{"background-color":"var(--ast-global-color-5)","background-image":"","background-repeat":"repeat","background-position":"center center","background-size":"auto","background-attachment":"scroll","background-type":"","background-media":"","overlay-type":"","overlay-color":"","overlay-opacity":"","overlay-gradient":""}},"footnotes":""},"class_list":["post-1872","page","type-page","status-publish","hentry"],"acf":[],"yoast_head":"<!-- This site is optimized with the Yoast SEO plugin v27.0 - https:\/\/yoast.com\/product\/yoast-seo-wordpress\/ -->\n<title>Qui sommes-nous ? - Gluten-Free Food Program - FR<\/title>\n<meta name=\"description\" content=\"\u00c0 propos de PASGnnDepuis 2004, le Programme d\u2019aliments sans gluten (PASG) est l&#039;un des principaux fournisseurs de services de certification sans gluten\" \/>\n<meta name=\"robots\" content=\"index, follow, max-snippet:-1, max-image-preview:large, max-video-preview:-1\" \/>\n<link rel=\"canonical\" href=\"https:\/\/glutenfreefoodprogram.com\/fr\/a-propos-de-nous\/\" \/>\n<meta property=\"og:locale\" content=\"fr_FR\" \/>\n<meta property=\"og:type\" content=\"article\" \/>\n<meta property=\"og:title\" content=\"Qui sommes-nous ? - Gluten-Free Food Program - FR\" \/>\n<meta property=\"og:description\" content=\"\u00c0 propos de PASGnnDepuis 2004, le Programme d\u2019aliments sans gluten (PASG) est l&#039;un des principaux fournisseurs de services de certification sans gluten\" \/>\n<meta property=\"og:url\" content=\"https:\/\/glutenfreefoodprogram.com\/fr\/a-propos-de-nous\/\" \/>\n<meta property=\"og:site_name\" content=\"Gluten-Free Food Program\" \/>\n<meta property=\"article:publisher\" content=\"https:\/\/www.facebook.com\/gffoodprogram\/\" \/>\n<meta property=\"article:modified_time\" content=\"2022-06-01T15:34:56+00:00\" \/>\n<meta property=\"og:image\" content=\"https:\/\/glutenfreefoodprogram.com\/wp-content\/uploads\/2022\/10\/blog-recipe-banners.jpg\" \/>\n\t<meta property=\"og:image:width\" content=\"2240\" \/>\n\t<meta property=\"og:image:height\" content=\"1260\" \/>\n\t<meta property=\"og:image:type\" content=\"image\/jpeg\" \/>\n<meta name=\"twitter:card\" content=\"summary_large_image\" \/>\n<meta name=\"twitter:site\" content=\"@gffoodprogram\" \/>\n<meta name=\"twitter:label1\" content=\"Dur\u00e9e de lecture estim\u00e9e\" \/>\n\t<meta name=\"twitter:data1\" content=\"10 minutes\" \/>\n<script type=\"application\/ld+json\" class=\"yoast-schema-graph\">{\"@context\":\"https:\/\/schema.org\",\"@graph\":[{\"@type\":\"WebPage\",\"@id\":\"https:\/\/glutenfreefoodprogram.com\/fr\/a-propos-de-nous\/\",\"url\":\"https:\/\/glutenfreefoodprogram.com\/fr\/a-propos-de-nous\/\",\"name\":\"Qui sommes-nous ? - Gluten-Free Food Program - FR\",\"isPartOf\":{\"@id\":\"https:\/\/glutenfreefoodprogram.com\/fr\/#website\"},\"datePublished\":\"2020-07-16T23:49:35+00:00\",\"dateModified\":\"2022-06-01T15:34:56+00:00\",\"description\":\"\u00c0 propos de PASG\\\\n\\\\nDepuis 2004, le Programme d\u2019aliments sans gluten (PASG) est l'un des principaux fournisseurs de services de certification sans gluten\",\"breadcrumb\":{\"@id\":\"https:\/\/glutenfreefoodprogram.com\/fr\/a-propos-de-nous\/#breadcrumb\"},\"inLanguage\":\"fr-FR\",\"potentialAction\":[{\"@type\":\"ReadAction\",\"target\":[\"https:\/\/glutenfreefoodprogram.com\/fr\/a-propos-de-nous\/\"]}]},{\"@type\":\"BreadcrumbList\",\"@id\":\"https:\/\/glutenfreefoodprogram.com\/fr\/a-propos-de-nous\/#breadcrumb\",\"itemListElement\":[{\"@type\":\"ListItem\",\"position\":1,\"name\":\"Home\",\"item\":\"https:\/\/glutenfreefoodprogram.com\/fr\/\"},{\"@type\":\"ListItem\",\"position\":2,\"name\":\"Qui sommes-nous ?\"}]},{\"@type\":\"WebSite\",\"@id\":\"https:\/\/glutenfreefoodprogram.com\/fr\/#website\",\"url\":\"https:\/\/glutenfreefoodprogram.com\/fr\/\",\"name\":\"Gluten-Free Food Program\",\"description\":\"Your Premier Partner In Gluten-Free Certification\",\"publisher\":{\"@id\":\"https:\/\/glutenfreefoodprogram.com\/fr\/#organization\"},\"potentialAction\":[{\"@type\":\"SearchAction\",\"target\":{\"@type\":\"EntryPoint\",\"urlTemplate\":\"https:\/\/glutenfreefoodprogram.com\/fr\/?s={search_term_string}\"},\"query-input\":{\"@type\":\"PropertyValueSpecification\",\"valueRequired\":true,\"valueName\":\"search_term_string\"}}],\"inLanguage\":\"fr-FR\"},{\"@type\":\"Organization\",\"@id\":\"https:\/\/glutenfreefoodprogram.com\/fr\/#organization\",\"name\":\"Gluten-Free Food Program\",\"url\":\"https:\/\/glutenfreefoodprogram.com\/fr\/\",\"logo\":{\"@type\":\"ImageObject\",\"inLanguage\":\"fr-FR\",\"@id\":\"https:\/\/glutenfreefoodprogram.com\/fr\/#\/schema\/logo\/image\/\",\"url\":\"https:\/\/glutenfreefoodprogram.com\/wp-content\/uploads\/2022\/06\/large-logo-with-tag-ES.png\",\"contentUrl\":\"https:\/\/glutenfreefoodprogram.com\/wp-content\/uploads\/2022\/06\/large-logo-with-tag-ES.png\",\"width\":2963,\"height\":622,\"caption\":\"Gluten-Free Food Program\"},\"image\":{\"@id\":\"https:\/\/glutenfreefoodprogram.com\/fr\/#\/schema\/logo\/image\/\"},\"sameAs\":[\"https:\/\/www.facebook.com\/gffoodprogram\/\",\"https:\/\/x.com\/gffoodprogram\",\"https:\/\/www.linkedin.com\/company\/gffp-usa\/\",\"https:\/\/www.instagram.com\/gffoodprogram\/\"]}]}<\/script>\n<!-- \/ Yoast SEO plugin. -->","yoast_head_json":{"title":"Qui sommes-nous ? - Gluten-Free Food Program - FR","description":"\u00c0 propos de PASGnnDepuis 2004, le Programme d\u2019aliments sans gluten (PASG) est l'un des principaux fournisseurs de services de certification sans gluten","robots":{"index":"index","follow":"follow","max-snippet":"max-snippet:-1","max-image-preview":"max-image-preview:large","max-video-preview":"max-video-preview:-1"},"canonical":"https:\/\/glutenfreefoodprogram.com\/fr\/a-propos-de-nous\/","og_locale":"fr_FR","og_type":"article","og_title":"Qui sommes-nous ? - Gluten-Free Food Program - FR","og_description":"\u00c0 propos de PASGnnDepuis 2004, le Programme d\u2019aliments sans gluten (PASG) est l'un des principaux fournisseurs de services de certification sans gluten","og_url":"https:\/\/glutenfreefoodprogram.com\/fr\/a-propos-de-nous\/","og_site_name":"Gluten-Free Food Program","article_publisher":"https:\/\/www.facebook.com\/gffoodprogram\/","article_modified_time":"2022-06-01T15:34:56+00:00","og_image":[{"width":2240,"height":1260,"url":"https:\/\/glutenfreefoodprogram.com\/wp-content\/uploads\/2022\/10\/blog-recipe-banners.jpg","type":"image\/jpeg"}],"twitter_card":"summary_large_image","twitter_site":"@gffoodprogram","twitter_misc":{"Dur\u00e9e de lecture estim\u00e9e":"10 minutes"},"schema":{"@context":"https:\/\/schema.org","@graph":[{"@type":"WebPage","@id":"https:\/\/glutenfreefoodprogram.com\/fr\/a-propos-de-nous\/","url":"https:\/\/glutenfreefoodprogram.com\/fr\/a-propos-de-nous\/","name":"Qui sommes-nous ? - Gluten-Free Food Program - FR","isPartOf":{"@id":"https:\/\/glutenfreefoodprogram.com\/fr\/#website"},"datePublished":"2020-07-16T23:49:35+00:00","dateModified":"2022-06-01T15:34:56+00:00","description":"\u00c0 propos de PASG\\n\\nDepuis 2004, le Programme d\u2019aliments sans gluten (PASG) est l'un des principaux fournisseurs de services de certification sans gluten","breadcrumb":{"@id":"https:\/\/glutenfreefoodprogram.com\/fr\/a-propos-de-nous\/#breadcrumb"},"inLanguage":"fr-FR","potentialAction":[{"@type":"ReadAction","target":["https:\/\/glutenfreefoodprogram.com\/fr\/a-propos-de-nous\/"]}]},{"@type":"BreadcrumbList","@id":"https:\/\/glutenfreefoodprogram.com\/fr\/a-propos-de-nous\/#breadcrumb","itemListElement":[{"@type":"ListItem","position":1,"name":"Home","item":"https:\/\/glutenfreefoodprogram.com\/fr\/"},{"@type":"ListItem","position":2,"name":"Qui sommes-nous ?"}]},{"@type":"WebSite","@id":"https:\/\/glutenfreefoodprogram.com\/fr\/#website","url":"https:\/\/glutenfreefoodprogram.com\/fr\/","name":"Gluten-Free Food Program","description":"Your Premier Partner In Gluten-Free Certification","publisher":{"@id":"https:\/\/glutenfreefoodprogram.com\/fr\/#organization"},"potentialAction":[{"@type":"SearchAction","target":{"@type":"EntryPoint","urlTemplate":"https:\/\/glutenfreefoodprogram.com\/fr\/?s={search_term_string}"},"query-input":{"@type":"PropertyValueSpecification","valueRequired":true,"valueName":"search_term_string"}}],"inLanguage":"fr-FR"},{"@type":"Organization","@id":"https:\/\/glutenfreefoodprogram.com\/fr\/#organization","name":"Gluten-Free Food Program","url":"https:\/\/glutenfreefoodprogram.com\/fr\/","logo":{"@type":"ImageObject","inLanguage":"fr-FR","@id":"https:\/\/glutenfreefoodprogram.com\/fr\/#\/schema\/logo\/image\/","url":"https:\/\/glutenfreefoodprogram.com\/wp-content\/uploads\/2022\/06\/large-logo-with-tag-ES.png","contentUrl":"https:\/\/glutenfreefoodprogram.com\/wp-content\/uploads\/2022\/06\/large-logo-with-tag-ES.png","width":2963,"height":622,"caption":"Gluten-Free Food Program"},"image":{"@id":"https:\/\/glutenfreefoodprogram.com\/fr\/#\/schema\/logo\/image\/"},"sameAs":["https:\/\/www.facebook.com\/gffoodprogram\/","https:\/\/x.com\/gffoodprogram","https:\/\/www.linkedin.com\/company\/gffp-usa\/","https:\/\/www.instagram.com\/gffoodprogram\/"]}]}},"_links":{"self":[{"href":"https:\/\/glutenfreefoodprogram.com\/fr\/wp-json\/wp\/v2\/pages\/1872","targetHints":{"allow":["GET"]}}],"collection":[{"href":"https:\/\/glutenfreefoodprogram.com\/fr\/wp-json\/wp\/v2\/pages"}],"about":[{"href":"https:\/\/glutenfreefoodprogram.com\/fr\/wp-json\/wp\/v2\/types\/page"}],"author":[{"embeddable":true,"href":"https:\/\/glutenfreefoodprogram.com\/fr\/wp-json\/wp\/v2\/users\/15"}],"replies":[{"embeddable":true,"href":"https:\/\/glutenfreefoodprogram.com\/fr\/wp-json\/wp\/v2\/comments?post=1872"}],"version-history":[{"count":0,"href":"https:\/\/glutenfreefoodprogram.com\/fr\/wp-json\/wp\/v2\/pages\/1872\/revisions"}],"wp:attachment":[{"href":"https:\/\/glutenfreefoodprogram.com\/fr\/wp-json\/wp\/v2\/media?parent=1872"}],"curies":[{"name":"wp","href":"https:\/\/api.w.org\/{rel}","templated":true}]}}