{"id":1890,"date":"2020-11-18T15:25:40","date_gmt":"2020-11-18T20:25:40","guid":{"rendered":"http:\/\/glutenfreefdev.wpenginepowered.com\/formation-gf\/"},"modified":"2022-06-01T11:47:25","modified_gmt":"2022-06-01T15:47:25","slug":"formation-gf","status":"publish","type":"page","link":"https:\/\/glutenfreefoodprogram.com\/fr\/formation-gf\/","title":{"rendered":"Formation SG"},"content":{"rendered":"<p>[cs_content][cs_element_section _id=&#8221;1&#8243; ][cs_element_layout_row _id=&#8221;2&#8243; ][cs_element_layout_column _id=&#8221;3&#8243; ][cs_element_image _id=&#8221;4&#8243; ][\/cs_element_layout_column][cs_element_layout_column _id=&#8221;5&#8243; ][cs_element_headline _id=&#8221;6&#8243; ][cs_content_seo]Formation sans gluten pour les restaurants et les \u00e9tablissements de restauration\\n\\n[\/cs_content_seo][cs_element_button _id=&#8221;7&#8243; ][cs_content_seo]\u2063\u2063 Inscrivez-vous maintenant\\n\\n[\/cs_content_seo][\/cs_element_layout_column][\/cs_element_layout_row][\/cs_element_section][cs_element_section _id=&#8221;8&#8243; ][cs_element_layout_row _id=&#8221;9&#8243; ][cs_element_layout_column _id=&#8221;10&#8243; ][cs_element_headline _id=&#8221;11&#8243; ][cs_content_seo]Formation professionnelle pour la s\u00e9curit\u00e9 des aliments sans gluten\\n\\nGF-Smart\u2122 est une formation professionnelle pour les gestionnaires, les serveurs et le personnel de cuisine couvrant les aspects essentiels de la fourniture d&#8217;aliments sans gluten s\u00fbrs dans une cuisine commerciale. Le programme couvre des sujets essentiels pour l&#8217;achat et la production en toute s\u00e9curit\u00e9 d&#8217;aliments sans gluten.\\n\\n[\/cs_content_seo][\/cs_element_layout_column][\/cs_element_layout_row][cs_element_layout_row _id=&#8221;12&#8243; ][cs_element_layout_column _id=&#8221;13&#8243; ][cs_element_image _id=&#8221;14&#8243; ][cs_element_headline _id=&#8221;15&#8243; ][cs_content_seo]Acc\u00e9der n&#8217;importe o\u00f9\\n\\n[\/cs_content_seo][cs_element_text _id=&#8221;16&#8243; ][cs_content_seo]La formation est en ligne, ce qui vous permet, \u00e0 vous et \u00e0 votre \u00e9quipe d&#8217;acc\u00e9der aux modules de formation de n&#8217;importe o\u00f9 et \u00e0 tout moment.\\n\\n[\/cs_content_seo][\/cs_element_layout_column][cs_element_layout_column _id=&#8221;17&#8243; ][cs_element_image _id=&#8221;18&#8243; ][cs_element_headline _id=&#8221;19&#8243; ][cs_content_seo]Certificat le jour m\u00eame\\n\\n[\/cs_content_seo][cs_element_text _id=&#8221;20&#8243; ][cs_content_seo]Terminez la formation aujourd&#8217;hui ou prenez un nombre illimit\u00e9 de jours pour terminer. Votre certificat est livr\u00e9 par voie \u00e9lectronique d\u00e8s que vous r\u00e9ussissez le cours.\\n\\n[\/cs_content_seo][\/cs_element_layout_column][cs_element_layout_column _id=&#8221;21&#8243; ][cs_element_image _id=&#8221;22&#8243; ][cs_element_headline _id=&#8221;23&#8243; ][cs_content_seo]Engagement de s\u00e9curit\u00e9\\n\\n[\/cs_content_seo][cs_element_text _id=&#8221;24&#8243; ][cs_content_seo]Servir des aliments sans gluten est une promesse de sant\u00e9 et de s\u00e9curit\u00e9. La formation de votre personnel met l&#8217;accent sur votre capacit\u00e9 \u00e0 tenir cette promesse.\\n\\n[\/cs_content_seo][\/cs_element_layout_column][cs_element_layout_column _id=&#8221;25&#8243; ][cs_element_image _id=&#8221;26&#8243; ][cs_element_headline _id=&#8221;27&#8243; ][cs_content_seo]Engagement des employ\u00e9s\\n\\n[\/cs_content_seo][cs_element_text _id=&#8221;28&#8243; ][cs_content_seo]Le personnel form\u00e9 est plus confiant et engag\u00e9. Des employ\u00e9s comp\u00e9tents sont la cl\u00e9 d&#8217;une exp\u00e9rience client s\u00fbre et fiable.\\n\\n[\/cs_content_seo][\/cs_element_layout_column][\/cs_element_layout_row][\/cs_element_section][cs_element_section _id=&#8221;29&#8243; ][cs_element_layout_row _id=&#8221;30&#8243; ][cs_element_layout_column _id=&#8221;31&#8243; ][cs_element_headline _id=&#8221;32&#8243; ][cs_content_seo]Formation GF-Smart\u2122\\n\\n[\/cs_content_seo][cs_element_text _id=&#8221;33&#8243; ][cs_content_seo]GF-Smart \u2122 est une suite de modules de formation con\u00e7us pour les gestionnaires, les serveurs et le personnel d&#8217;arri\u00e8re-salle couvrant les \u00e9l\u00e9ments essentiels d&#8217;un menu sans gluten et d&#8217;une exp\u00e9rience culinaire s\u00fbre dans les \u00e9tablissements de restauration et de restauration.<br \/>\nLes sujets de formation comprennent l&#8217;approvisionnement en ingr\u00e9dients, la pr\u00e9paration d&#8217;aliments sans gluten,\u2063\u2063 pratiques de stockage, strat\u00e9gies et exigences pour \u00e9viter la contamination crois\u00e9e par le gluten, meilleures pratiques de service et d&#8217;engagement client.<br \/>\nChaque restaurant et \u00e9tablissement de restauration participant au PASG recevra une formation gratuite GF-Smart\u2122 pour le personnel cl\u00e9.<br \/>\nGF-Smart\u2122 aide les participants: <\/p>\n<p>Comprendre la justification m\u00e9dicale d&#8217;un r\u00e9gime sans gluten pour les personnes atteintes de la maladie c\u0153liaque et sensibles au gluten.<br \/>\nPlanifiez et g\u00e9rez une cuisine sans gluten.<br \/>\n\u00c9vitez la contamination crois\u00e9e par le gluten.<br \/>\nFournissez un meilleur service client et recevez moins de plaintes.<br \/>\nAm\u00e9liorer l&#8217;efficacit\u00e9 au travail et la satisfaction au travail du personnel.<br \/>\nSoyez socialement responsable.<\/p>\n<p>La formation GF-Smart\u2122 est \u00e9galement recommand\u00e9e et disponible pour les personnes pr\u00e9parant des repas chez elles et pour les autres personnes \u00e0 la recherche de meilleures connaissances sans gluten et de responsables de la s\u00e9curit\u00e9 form\u00e9s.\\n\\n[\/cs_content_seo][cs_element_button _id=&#8221;34&#8243; ][cs_content_seo]Informations sur le cours\\n\\n[\/cs_content_seo][\/cs_element_layout_column][cs_element_layout_column _id=&#8221;35&#8243; ][cs_element_image _id=&#8221;36&#8243; ][\/cs_element_layout_column][\/cs_element_layout_row][\/cs_element_section][cs_element_section _id=&#8221;37&#8243; ][cs_element_layout_row _id=&#8221;38&#8243; ][cs_element_layout_column _id=&#8221;39&#8243; ][cs_element_headline _id=&#8221;40&#8243; ][cs_content_seo]Approuv\u00e9 par la National Celiac Association\\n\\nL&#8217;approbation de la National Celiac Association fournit aux marques sans gluten un puissant message de soutien pour commercialiser et communiquer efficacement avec la communaut\u00e9 sans gluten, \u00e9tablir de v\u00e9ritables relations et maximiser la fid\u00e9lit\u00e9 \u00e0 long terme de la client\u00e8le.\\n\\n[\/cs_content_seo][\/cs_element_layout_column][\/cs_element_layout_row][cs_element_layout_row _id=&#8221;41&#8243; ][cs_element_layout_column _id=&#8221;42&#8243; ][\/cs_element_layout_column][cs_element_layout_column _id=&#8221;43&#8243; ][cs_element_image _id=&#8221;44&#8243; ][\/cs_element_layout_column][cs_element_layout_column _id=&#8221;45&#8243; ][\/cs_element_layout_column][\/cs_element_layout_row][\/cs_element_section][cs_element_section _id=&#8221;46&#8243; ][cs_element_layout_row _id=&#8221;47&#8243; ][cs_element_layout_column _id=&#8221;48&#8243; ][cs_element_content_area _id=&#8221;49&#8243; ][cs_content_seo]\\n\\n[\/cs_content_seo][cs_element_headline _id=&#8221;50&#8243; ][cs_content_seo]Informations sur le cours\\n\\n[\/cs_content_seo][\/cs_element_layout_column][\/cs_element_layout_row][\/cs_element_section][cs_element_section _id=&#8221;51&#8243; ][cs_element_layout_row _id=&#8221;52&#8243; ][cs_element_layout_column _id=&#8221;53&#8243; ][cs_element_headline _id=&#8221;54&#8243; ][cs_content_seo]Pr\u00e9requis\\n\\n[\/cs_content_seo][cs_element_text _id=&#8221;55&#8243; ][cs_content_seo]Il n&#8217;y a pas de pr\u00e9requis pour le cours GF-Smart\u2122.\\n\\n[\/cs_content_seo][cs_element_headline _id=&#8221;56&#8243; ][cs_content_seo]Valable dans votre \u00e9tat ou province\\n\\n[\/cs_content_seo][cs_element_text _id=&#8221;57&#8243; ][cs_content_seo]Le cours GF-Smart\u2122 est reconnu dans tous les \u00c9tats des \u00c9tats-Unis et les provinces du Canada. Vous serez un manipulateur d&#8217;aliments form\u00e9 GF-Smart\u2122 pendant 3 ans.\\n\\n[\/cs_content_seo][cs_element_headline _id=&#8221;58&#8243; ][cs_content_seo]100% en ligne \\n\\n[\/cs_content_seo][cs_element_text _id=&#8221;59&#8243; ][cs_content_seo]Suivez la formation n&#8217;importe o\u00f9, depuis n&#8217;importe quel appareil dot\u00e9 d&#8217;une connexion Internet. Terminez votre examen \u00e0 tout moment &#8211; pas besoin de planifier \u00e0 l&#8217;avance. \\n\\n[\/cs_content_seo][cs_element_headline _id=&#8221;60&#8243; ][cs_content_seo]Exigences techniques \\n\\n[\/cs_content_seo][cs_element_text _id=&#8221;61&#8243; ][cs_content_seo]Vous pouvez acc\u00e9der \u00e0 votre cours sur n&#8217;importe quel appareil (avec acc\u00e8s \u00e0 Internet), y compris votre :<\/p>\n<p> \tsmartphone<br \/>\n \ttablette<br \/>\n \tordinateur portable<br \/>\n \tordinateur<\/p>\n<p>Pour terminer votre examen, vous aurez besoin de:<\/p>\n<p> \tun ordinateur ou un ordinateur portable avec une webcam<br \/>\n \tun navigateur moderne (disponible en t\u00e9l\u00e9chargement gratuit)<br \/>\n \tune adresse e-mail<br \/>\n\\n\\n[\/cs_content_seo][cs_element_headline _id=&#8221;62&#8243; ][cs_content_seo]Nombre illimit\u00e9 de tentatives d&#8217;examen \\n\\n[\/cs_content_seo][cs_element_text _id=&#8221;63&#8243; ][cs_content_seo]Il n&#8217;y a pas besoin de s&#8217;inqui\u00e9ter de ne pas r\u00e9ussir l&#8217;examen de formation du premier coup. Vous pouvez repasser l&#8217;examen autant de fois que n\u00e9cessaire gratuitement. \\n\\n[\/cs_content_seo][\/cs_element_layout_column][\/cs_element_layout_row][cs_element_layout_row _id=&#8221;64&#8243; ][cs_element_layout_column _id=&#8221;65&#8243; ][cs_element_image _id=&#8221;66&#8243; ][\/cs_element_layout_column][cs_element_layout_column _id=&#8221;67&#8243; ][cs_element_headline _id=&#8221;68&#8243; ][cs_content_seo]Certification le jour m\u00eame\\n\\n[\/cs_content_seo][cs_element_text _id=&#8221;69&#8243; ][cs_content_seo]Obtenez votre certificat de formation GF-Smart\u2122 aujourd&#8217;hui ou allez \u00e0 votre rythme. Vous avez un nombre illimit\u00e9 de jours pour compl\u00e9ter votre formation. Votre certificat vous sera envoy\u00e9 par voie \u00e9lectronique d\u00e8s que vous aurez r\u00e9ussi le cours\\n\\n[\/cs_content_seo][cs_element_button _id=&#8221;70&#8243; ][cs_content_seo]Inscrivez-vous maintenant\\n\\n[\/cs_content_seo][\/cs_element_layout_column][\/cs_element_layout_row][\/cs_element_section][cs_element_section _id=&#8221;71&#8243; ][cs_element_layout_row _id=&#8221;72&#8243; ][cs_element_layout_column _id=&#8221;73&#8243; ][cs_element_icon _id=&#8221;74&#8243; ][cs_element_headline _id=&#8221;75&#8243; ][cs_content_seo]Vous avez des questions ou vous ne savez pas par o\u00f9 commencer?\\n\\nContactez-nous pour parler avec un repr\u00e9sentant ou recevoir un devis sans engagement. Notre personnel est disponible \u00e0 tout moment pour r\u00e9pondre aux questions et vous aider \u00e0 prendre des d\u00e9cisions en vue d&#8217;obtenir la certification sans gluten pour votre entreprise.\\n\\n[\/cs_content_seo][cs_element_button _id=&#8221;76&#8243; ][cs_content_seo]Contactez-nous\\n\\n[\/cs_content_seo][\/cs_element_layout_column][\/cs_element_layout_row][\/cs_element_section][\/cs_content]<\/p>\n","protected":false},"excerpt":{"rendered":"<p>[cs_content][cs_element_section _id=&#8221;1&#8243; ][cs_element_layout_row _id=&#8221;2&#8243; ][cs_element_layout_column _id=&#8221;3&#8243; ][cs_element_image _id=&#8221;4&#8243; ][\/cs_element_layout_column][cs_element_layout_column _id=&#8221;5&#8243; ][cs_element_headline _id=&#8221;6&#8243; ][cs_content_seo]Formation sans gluten pour les restaurants et les \u00e9tablissements de restauration\\n\\n[\/cs_content_seo][cs_element_button _id=&#8221;7&#8243; ][cs_content_seo]\u2063\u2063 Inscrivez-vous maintenant\\n\\n[\/cs_content_seo][\/cs_element_layout_column][\/cs_element_layout_row][\/cs_element_section][cs_element_section _id=&#8221;8&#8243; ][cs_element_layout_row _id=&#8221;9&#8243; ][cs_element_layout_column _id=&#8221;10&#8243; ][cs_element_headline _id=&#8221;11&#8243; ][cs_content_seo]Formation professionnelle pour la s\u00e9curit\u00e9 des aliments sans gluten\\n\\nGF-Smart\u2122 est une formation professionnelle pour les gestionnaires, les serveurs et le personnel [&hellip;]<\/p>\n","protected":false},"author":5,"featured_media":0,"parent":0,"menu_order":0,"comment_status":"closed","ping_status":"closed","template":"template-blank-4.php","meta":{"_acf_changed":false,"site-sidebar-layout":"default","site-content-layout":"","ast-site-content-layout":"default","site-content-style":"default","site-sidebar-style":"default","ast-global-header-display":"","ast-banner-title-visibility":"","ast-main-header-display":"","ast-hfb-above-header-display":"","ast-hfb-below-header-display":"","ast-hfb-mobile-header-display":"","site-post-title":"","ast-breadcrumbs-content":"","ast-featured-img":"","footer-sml-layout":"","ast-disable-related-posts":"","theme-transparent-header-meta":"","adv-header-id-meta":"","stick-header-meta":"","header-above-stick-meta":"","header-main-stick-meta":"","header-below-stick-meta":"","astra-migrate-meta-layouts":"default","ast-page-background-enabled":"default","ast-page-background-meta":{"desktop":{"background-color":"","background-image":"","background-repeat":"repeat","background-position":"center center","background-size":"auto","background-attachment":"scroll","background-type":"","background-media":"","overlay-type":"","overlay-color":"","overlay-opacity":"","overlay-gradient":""},"tablet":{"background-color":"","background-image":"","background-repeat":"repeat","background-position":"center center","background-size":"auto","background-attachment":"scroll","background-type":"","background-media":"","overlay-type":"","overlay-color":"","overlay-opacity":"","overlay-gradient":""},"mobile":{"background-color":"","background-image":"","background-repeat":"repeat","background-position":"center center","background-size":"auto","background-attachment":"scroll","background-type":"","background-media":"","overlay-type":"","overlay-color":"","overlay-opacity":"","overlay-gradient":""}},"ast-content-background-meta":{"desktop":{"background-color":"var(--ast-global-color-5)","background-image":"","background-repeat":"repeat","background-position":"center center","background-size":"auto","background-attachment":"scroll","background-type":"","background-media":"","overlay-type":"","overlay-color":"","overlay-opacity":"","overlay-gradient":""},"tablet":{"background-color":"var(--ast-global-color-5)","background-image":"","background-repeat":"repeat","background-position":"center center","background-size":"auto","background-attachment":"scroll","background-type":"","background-media":"","overlay-type":"","overlay-color":"","overlay-opacity":"","overlay-gradient":""},"mobile":{"background-color":"var(--ast-global-color-5)","background-image":"","background-repeat":"repeat","background-position":"center center","background-size":"auto","background-attachment":"scroll","background-type":"","background-media":"","overlay-type":"","overlay-color":"","overlay-opacity":"","overlay-gradient":""}},"footnotes":""},"class_list":["post-1890","page","type-page","status-publish","hentry"],"acf":[],"yoast_head":"<!-- This site is optimized with the Yoast SEO plugin v27.0 - https:\/\/yoast.com\/product\/yoast-seo-wordpress\/ -->\n<title>Formation SG - Gluten-Free Food Program - FR<\/title>\n<meta name=\"description\" content=\"Formation sans gluten pour les restaurants et les \u00e9tablissements de restaurationnn\u2063\u2063 Inscrivez-vous maintenantnnFormation professionnelle pour la\" \/>\n<meta name=\"robots\" content=\"index, follow, max-snippet:-1, max-image-preview:large, max-video-preview:-1\" \/>\n<link rel=\"canonical\" href=\"https:\/\/glutenfreefoodprogram.com\/fr\/formation-gf\/\" \/>\n<meta property=\"og:locale\" content=\"fr_FR\" \/>\n<meta property=\"og:type\" content=\"article\" \/>\n<meta property=\"og:title\" content=\"Formation SG - Gluten-Free Food Program - FR\" \/>\n<meta property=\"og:description\" content=\"Formation sans gluten pour les restaurants et les \u00e9tablissements de restaurationnn\u2063\u2063 Inscrivez-vous maintenantnnFormation professionnelle pour la\" \/>\n<meta property=\"og:url\" content=\"https:\/\/glutenfreefoodprogram.com\/fr\/formation-gf\/\" \/>\n<meta property=\"og:site_name\" content=\"Gluten-Free Food Program\" \/>\n<meta property=\"article:publisher\" content=\"https:\/\/www.facebook.com\/gffoodprogram\/\" \/>\n<meta property=\"article:modified_time\" content=\"2022-06-01T15:47:25+00:00\" \/>\n<meta property=\"og:image\" content=\"https:\/\/glutenfreefoodprogram.com\/wp-content\/uploads\/2022\/10\/blog-recipe-banners.jpg\" \/>\n\t<meta property=\"og:image:width\" content=\"2240\" \/>\n\t<meta property=\"og:image:height\" content=\"1260\" \/>\n\t<meta property=\"og:image:type\" content=\"image\/jpeg\" \/>\n<meta name=\"twitter:card\" content=\"summary_large_image\" \/>\n<meta name=\"twitter:site\" content=\"@gffoodprogram\" \/>\n<meta name=\"twitter:label1\" content=\"Dur\u00e9e de lecture estim\u00e9e\" \/>\n\t<meta name=\"twitter:data1\" content=\"7 minutes\" \/>\n<script type=\"application\/ld+json\" class=\"yoast-schema-graph\">{\"@context\":\"https:\/\/schema.org\",\"@graph\":[{\"@type\":\"WebPage\",\"@id\":\"https:\/\/glutenfreefoodprogram.com\/fr\/formation-gf\/\",\"url\":\"https:\/\/glutenfreefoodprogram.com\/fr\/formation-gf\/\",\"name\":\"Formation SG - Gluten-Free Food Program - FR\",\"isPartOf\":{\"@id\":\"https:\/\/glutenfreefoodprogram.com\/fr\/#website\"},\"datePublished\":\"2020-11-18T20:25:40+00:00\",\"dateModified\":\"2022-06-01T15:47:25+00:00\",\"description\":\"Formation sans gluten pour les restaurants et les \u00e9tablissements de restauration\\\\n\\\\n\u2063\u2063 Inscrivez-vous maintenant\\\\n\\\\nFormation professionnelle pour la\",\"breadcrumb\":{\"@id\":\"https:\/\/glutenfreefoodprogram.com\/fr\/formation-gf\/#breadcrumb\"},\"inLanguage\":\"fr-FR\",\"potentialAction\":[{\"@type\":\"ReadAction\",\"target\":[\"https:\/\/glutenfreefoodprogram.com\/fr\/formation-gf\/\"]}]},{\"@type\":\"BreadcrumbList\",\"@id\":\"https:\/\/glutenfreefoodprogram.com\/fr\/formation-gf\/#breadcrumb\",\"itemListElement\":[{\"@type\":\"ListItem\",\"position\":1,\"name\":\"Home\",\"item\":\"https:\/\/glutenfreefoodprogram.com\/fr\/\"},{\"@type\":\"ListItem\",\"position\":2,\"name\":\"Formation SG\"}]},{\"@type\":\"WebSite\",\"@id\":\"https:\/\/glutenfreefoodprogram.com\/fr\/#website\",\"url\":\"https:\/\/glutenfreefoodprogram.com\/fr\/\",\"name\":\"Gluten-Free Food Program\",\"description\":\"Your Premier Partner In Gluten-Free Certification\",\"publisher\":{\"@id\":\"https:\/\/glutenfreefoodprogram.com\/fr\/#organization\"},\"potentialAction\":[{\"@type\":\"SearchAction\",\"target\":{\"@type\":\"EntryPoint\",\"urlTemplate\":\"https:\/\/glutenfreefoodprogram.com\/fr\/?s={search_term_string}\"},\"query-input\":{\"@type\":\"PropertyValueSpecification\",\"valueRequired\":true,\"valueName\":\"search_term_string\"}}],\"inLanguage\":\"fr-FR\"},{\"@type\":\"Organization\",\"@id\":\"https:\/\/glutenfreefoodprogram.com\/fr\/#organization\",\"name\":\"Gluten-Free Food Program\",\"url\":\"https:\/\/glutenfreefoodprogram.com\/fr\/\",\"logo\":{\"@type\":\"ImageObject\",\"inLanguage\":\"fr-FR\",\"@id\":\"https:\/\/glutenfreefoodprogram.com\/fr\/#\/schema\/logo\/image\/\",\"url\":\"https:\/\/glutenfreefoodprogram.com\/wp-content\/uploads\/2022\/06\/large-logo-with-tag-ES.png\",\"contentUrl\":\"https:\/\/glutenfreefoodprogram.com\/wp-content\/uploads\/2022\/06\/large-logo-with-tag-ES.png\",\"width\":2963,\"height\":622,\"caption\":\"Gluten-Free Food Program\"},\"image\":{\"@id\":\"https:\/\/glutenfreefoodprogram.com\/fr\/#\/schema\/logo\/image\/\"},\"sameAs\":[\"https:\/\/www.facebook.com\/gffoodprogram\/\",\"https:\/\/x.com\/gffoodprogram\",\"https:\/\/www.linkedin.com\/company\/gffp-usa\/\",\"https:\/\/www.instagram.com\/gffoodprogram\/\"]}]}<\/script>\n<!-- \/ Yoast SEO plugin. -->","yoast_head_json":{"title":"Formation SG - Gluten-Free Food Program - FR","description":"Formation sans gluten pour les restaurants et les \u00e9tablissements de restaurationnn\u2063\u2063 Inscrivez-vous maintenantnnFormation professionnelle pour la","robots":{"index":"index","follow":"follow","max-snippet":"max-snippet:-1","max-image-preview":"max-image-preview:large","max-video-preview":"max-video-preview:-1"},"canonical":"https:\/\/glutenfreefoodprogram.com\/fr\/formation-gf\/","og_locale":"fr_FR","og_type":"article","og_title":"Formation SG - Gluten-Free Food Program - FR","og_description":"Formation sans gluten pour les restaurants et les \u00e9tablissements de restaurationnn\u2063\u2063 Inscrivez-vous maintenantnnFormation professionnelle pour la","og_url":"https:\/\/glutenfreefoodprogram.com\/fr\/formation-gf\/","og_site_name":"Gluten-Free Food Program","article_publisher":"https:\/\/www.facebook.com\/gffoodprogram\/","article_modified_time":"2022-06-01T15:47:25+00:00","og_image":[{"width":2240,"height":1260,"url":"https:\/\/glutenfreefoodprogram.com\/wp-content\/uploads\/2022\/10\/blog-recipe-banners.jpg","type":"image\/jpeg"}],"twitter_card":"summary_large_image","twitter_site":"@gffoodprogram","twitter_misc":{"Dur\u00e9e de lecture estim\u00e9e":"7 minutes"},"schema":{"@context":"https:\/\/schema.org","@graph":[{"@type":"WebPage","@id":"https:\/\/glutenfreefoodprogram.com\/fr\/formation-gf\/","url":"https:\/\/glutenfreefoodprogram.com\/fr\/formation-gf\/","name":"Formation SG - Gluten-Free Food Program - FR","isPartOf":{"@id":"https:\/\/glutenfreefoodprogram.com\/fr\/#website"},"datePublished":"2020-11-18T20:25:40+00:00","dateModified":"2022-06-01T15:47:25+00:00","description":"Formation sans gluten pour les restaurants et les \u00e9tablissements de restauration\\n\\n\u2063\u2063 Inscrivez-vous maintenant\\n\\nFormation professionnelle pour la","breadcrumb":{"@id":"https:\/\/glutenfreefoodprogram.com\/fr\/formation-gf\/#breadcrumb"},"inLanguage":"fr-FR","potentialAction":[{"@type":"ReadAction","target":["https:\/\/glutenfreefoodprogram.com\/fr\/formation-gf\/"]}]},{"@type":"BreadcrumbList","@id":"https:\/\/glutenfreefoodprogram.com\/fr\/formation-gf\/#breadcrumb","itemListElement":[{"@type":"ListItem","position":1,"name":"Home","item":"https:\/\/glutenfreefoodprogram.com\/fr\/"},{"@type":"ListItem","position":2,"name":"Formation SG"}]},{"@type":"WebSite","@id":"https:\/\/glutenfreefoodprogram.com\/fr\/#website","url":"https:\/\/glutenfreefoodprogram.com\/fr\/","name":"Gluten-Free Food Program","description":"Your Premier Partner In Gluten-Free Certification","publisher":{"@id":"https:\/\/glutenfreefoodprogram.com\/fr\/#organization"},"potentialAction":[{"@type":"SearchAction","target":{"@type":"EntryPoint","urlTemplate":"https:\/\/glutenfreefoodprogram.com\/fr\/?s={search_term_string}"},"query-input":{"@type":"PropertyValueSpecification","valueRequired":true,"valueName":"search_term_string"}}],"inLanguage":"fr-FR"},{"@type":"Organization","@id":"https:\/\/glutenfreefoodprogram.com\/fr\/#organization","name":"Gluten-Free Food Program","url":"https:\/\/glutenfreefoodprogram.com\/fr\/","logo":{"@type":"ImageObject","inLanguage":"fr-FR","@id":"https:\/\/glutenfreefoodprogram.com\/fr\/#\/schema\/logo\/image\/","url":"https:\/\/glutenfreefoodprogram.com\/wp-content\/uploads\/2022\/06\/large-logo-with-tag-ES.png","contentUrl":"https:\/\/glutenfreefoodprogram.com\/wp-content\/uploads\/2022\/06\/large-logo-with-tag-ES.png","width":2963,"height":622,"caption":"Gluten-Free Food Program"},"image":{"@id":"https:\/\/glutenfreefoodprogram.com\/fr\/#\/schema\/logo\/image\/"},"sameAs":["https:\/\/www.facebook.com\/gffoodprogram\/","https:\/\/x.com\/gffoodprogram","https:\/\/www.linkedin.com\/company\/gffp-usa\/","https:\/\/www.instagram.com\/gffoodprogram\/"]}]}},"_links":{"self":[{"href":"https:\/\/glutenfreefoodprogram.com\/fr\/wp-json\/wp\/v2\/pages\/1890","targetHints":{"allow":["GET"]}}],"collection":[{"href":"https:\/\/glutenfreefoodprogram.com\/fr\/wp-json\/wp\/v2\/pages"}],"about":[{"href":"https:\/\/glutenfreefoodprogram.com\/fr\/wp-json\/wp\/v2\/types\/page"}],"author":[{"embeddable":true,"href":"https:\/\/glutenfreefoodprogram.com\/fr\/wp-json\/wp\/v2\/users\/5"}],"replies":[{"embeddable":true,"href":"https:\/\/glutenfreefoodprogram.com\/fr\/wp-json\/wp\/v2\/comments?post=1890"}],"version-history":[{"count":0,"href":"https:\/\/glutenfreefoodprogram.com\/fr\/wp-json\/wp\/v2\/pages\/1890\/revisions"}],"wp:attachment":[{"href":"https:\/\/glutenfreefoodprogram.com\/fr\/wp-json\/wp\/v2\/media?parent=1890"}],"curies":[{"name":"wp","href":"https:\/\/api.w.org\/{rel}","templated":true}]}}