{"id":4349,"date":"2024-11-30T18:42:41","date_gmt":"2024-11-30T23:42:41","guid":{"rendered":"https:\/\/glutenfreefdev.wpenginepowered.com\/contactez-nous\/"},"modified":"2025-11-17T20:57:36","modified_gmt":"2025-11-18T01:57:36","slug":"contactez-nous","status":"publish","type":"page","link":"https:\/\/glutenfreefoodprogram.com\/fr\/contactez-nous\/","title":{"rendered":"Contactez nous"},"content":{"rendered":"\t\t<div data-elementor-type=\"wp-page\" data-elementor-id=\"4349\" class=\"elementor elementor-4349 elementor-4075\" data-elementor-post-type=\"page\">\n\t\t\t\t<div class=\"elementor-element elementor-element-6a08cde0 e-flex e-con-boxed e-con e-parent\" data-id=\"6a08cde0\" data-element_type=\"container\" data-e-type=\"container\" data-settings=\"{&quot;background_background&quot;:&quot;classic&quot;}\">\n\t\t\t\t\t<div class=\"e-con-inner\">\n\t\t<div class=\"elementor-element elementor-element-141a06a5 e-con-full e-flex e-con e-child\" data-id=\"141a06a5\" data-element_type=\"container\" data-e-type=\"container\" data-settings=\"{&quot;background_background&quot;:&quot;classic&quot;}\">\n\t\t\t\t<div class=\"elementor-element elementor-element-7bae6611 elementor-invisible elementor-widget elementor-widget-heading\" data-id=\"7bae6611\" data-element_type=\"widget\" data-e-type=\"widget\" data-settings=\"{&quot;_animation&quot;:&quot;fadeIn&quot;,&quot;_animation_delay&quot;:&quot;200&quot;}\" data-widget_type=\"heading.default\">\n\t\t\t\t<div class=\"elementor-widget-container\">\n\t\t\t\t\t<h1 class=\"elementor-heading-title elementor-size-default\">Contactez nous<\/h1>\t\t\t\t<\/div>\n\t\t\t\t<\/div>\n\t\t\t\t<div class=\"elementor-element elementor-element-60a5bb67 elementor-widget elementor-widget-text-editor\" data-id=\"60a5bb67\" data-element_type=\"widget\" data-e-type=\"widget\" data-widget_type=\"text-editor.default\">\n\t\t\t\t<div class=\"elementor-widget-container\">\n\t\t\t\t\t\t\t\t\t<div class=\"x-text x-content e38-e5 m12-l\">\n<p><strong>NOUS VOULONS AVOIR DE VOS NOUVELLES AUJOURD&#8217;HUI.<\/strong> Nous sommes impatients de collaborer avec vous dans le cadre de notre processus de certification. Nous vous invitons \u00e0 partager vos commentaires, messages et demandes ci-dessous. Nous sommes fiers de notre excellence en service client et de la mani\u00e8re rapide et amicale avec laquelle nous livrons notre programme !   <\/p>\n<\/div>\n<div class=\"x-text x-content e38-e6 m12-l\">\n<div>\n<p>Notre \u00e9quipe se fera un plaisir de vous fournir des informations sp\u00e9cifiques et de discuter de vos attentes. N&#8217;h\u00e9sitez pas \u00e0 contacter directement notre responsable du programme de certification :<\/p>\n<\/div>\n<\/div>\n<div class=\"x-text x-text-headline has-graphic e38-e7 m12-j m12-k m12-3 m12-4 x-effect-enter x-effect-animated\" data-x-effect=\"{\"scroll\":true,\"offsetTop\":\"10%\",\"offsetBottom\":\"10%\",\"behaviorScroll\":\"fire-once\",\"animationEnter\":\"fadeInUp\",\"animationExit\":\"rollOut\"}\">\n<div class=\"x-text-content\">\n<div class=\"x-text-content-text\">\n<p class=\"x-text-content-text-primary\"><a href=\"mailto:allen@glutenfreefoodprogram.com\">Allen@glutenfreefoodprogram.com<\/a><br \/><a style=\"font-size: 16px; background-color: #ffffff;\" href=\"tel:9292529449\">(888) 902-5104 Ext.103<\/a><\/p>\n<\/div>\n<\/div>\n<\/div>\n\t\t\t\t\t\t\t\t<\/div>\n\t\t\t\t<\/div>\n\t\t\t\t<\/div>\n\t\t\t\t\t<\/div>\n\t\t\t\t<\/div>\n\t\t<div class=\"elementor-element elementor-element-3aa9b1d e-flex e-con-boxed e-con e-parent\" data-id=\"3aa9b1d\" data-element_type=\"container\" data-e-type=\"container\">\n\t\t\t\t\t<div class=\"e-con-inner\">\n\t\t\t\t<div class=\"elementor-element elementor-element-bce2b3c elementor-widget elementor-widget-text-editor\" data-id=\"bce2b3c\" data-element_type=\"widget\" data-e-type=\"widget\" data-widget_type=\"text-editor.default\">\n\t\t\t\t<div class=\"elementor-widget-container\">\n\t\t\t\t\t\t\t\t\t<div class=\"wpforms-container \" id=\"wpforms-703\"><form id=\"wpforms-form-703\" class=\"wpforms-validate wpforms-form\" data-formid=\"703\" method=\"post\" enctype=\"multipart\/form-data\" action=\"\/fr\/wp-json\/wp\/v2\/pages\/4349\" data-token=\"7207ed2f3978a9f09621ee88bdfa93f9\" data-token-time=\"1777535628\"><noscript class=\"wpforms-error-noscript\">Veuillez activer JavaScript dans votre navigateur pour remplir ce formulaire.<\/noscript><div class=\"wpforms-field-container\"><div id=\"wpforms-703-field_0-container\" class=\"wpforms-field wpforms-field-name\" data-field-id=\"0\"><label class=\"wpforms-field-label\">Name <span class=\"wpforms-required-label\">*<\/span><\/label><div class=\"wpforms-field-row wpforms-field-medium\"><div class=\"wpforms-field-row-block wpforms-first wpforms-one-half\"><input type=\"text\" id=\"wpforms-703-field_0\" class=\"wpforms-field-name-first wpforms-field-required\" name=\"wpforms[fields][0][first]\" required><label for=\"wpforms-703-field_0\" class=\"wpforms-field-sublabel after\">First<\/label><\/div><div class=\"wpforms-field-row-block wpforms-one-half\"><input type=\"text\" id=\"wpforms-703-field_0-last\" class=\"wpforms-field-name-last wpforms-field-required\" name=\"wpforms[fields][0][last]\" required><label for=\"wpforms-703-field_0-last\" class=\"wpforms-field-sublabel after\">Last<\/label><\/div><\/div><\/div><div id=\"wpforms-703-field_4-container\" class=\"wpforms-field wpforms-field-text\" data-field-id=\"4\"><label class=\"wpforms-field-label\" for=\"wpforms-703-field_4\">Organisation Name <span class=\"wpforms-required-label\">*<\/span><\/label><input type=\"text\" id=\"wpforms-703-field_4\" class=\"wpforms-field-medium wpforms-field-required\" name=\"wpforms[fields][4]\" required><\/div><div id=\"wpforms-703-field_1-container\" class=\"wpforms-field wpforms-field-email\" data-field-id=\"1\"><label class=\"wpforms-field-label\" for=\"wpforms-703-field_1\">Email <span class=\"wpforms-required-label\">*<\/span><\/label><input type=\"email\" id=\"wpforms-703-field_1\" class=\"wpforms-field-medium wpforms-field-required\" name=\"wpforms[fields][1]\" spellcheck=\"false\" required><\/div><div id=\"wpforms-703-field_3-container\" class=\"wpforms-field wpforms-field-phone\" data-field-id=\"3\"><label class=\"wpforms-field-label\" for=\"wpforms-703-field_3\">Mobile Number <span class=\"wpforms-required-label\">*<\/span><\/label><input type=\"tel\" id=\"wpforms-703-field_3\" class=\"wpforms-field-medium wpforms-field-required wpforms-smart-phone-field\" data-rule-smart-phone-field=\"true\" name=\"wpforms[fields][3]\" aria-label=\"Mobile Number\" required><div class=\"wpforms-field-description\">Can be used for call, SMS, or WhatsApp regarding your inquiry<\/div><\/div><div id=\"wpforms-703-field_2-container\" class=\"wpforms-field wpforms-field-textarea\" data-field-id=\"2\"><label class=\"wpforms-field-label\" for=\"wpforms-703-field_2\">Comment or Message <span class=\"wpforms-required-label\">*<\/span><\/label><textarea id=\"wpforms-703-field_2\" class=\"wpforms-field-medium wpforms-field-required\" name=\"wpforms[fields][2]\" required><\/textarea><\/div><div id=\"wpforms-703-field_8-container\" class=\"wpforms-field wpforms-field-hidden\" data-field-id=\"8\"><input type=\"hidden\" id=\"wpforms-703-field_8\" name=\"wpforms[fields][8]\"><\/div><div id=\"wpforms-703-field_9-container\" class=\"wpforms-field wpforms-field-hidden\" data-field-id=\"9\"><input type=\"hidden\" id=\"wpforms-703-field_9\" name=\"wpforms[fields][9]\"><\/div><div id=\"wpforms-703-field_10-container\" class=\"wpforms-field wpforms-field-hidden\" data-field-id=\"10\"><input type=\"hidden\" id=\"wpforms-703-field_10\" name=\"wpforms[fields][10]\"><\/div>\t\t<div id=\"wpforms-703-field_5-container\"\n\t\t\tclass=\"wpforms-field wpforms-field-text\"\n\t\t\tdata-field-type=\"text\"\n\t\t\tdata-field-id=\"5\"\n\t\t\t>\n\t\t\t<label class=\"wpforms-field-label\" for=\"wpforms-703-field_5\" >Email utm_campaign Mobile<\/label>\n\t\t\t<input type=\"text\" id=\"wpforms-703-field_5\" class=\"wpforms-field-medium\" name=\"wpforms[fields][5]\" >\n\t\t<\/div>\n\t\t<div id=\"wpforms-703-field_12-container\" class=\"wpforms-field wpforms-field-hidden\" data-field-id=\"12\"><input type=\"hidden\" id=\"wpforms-703-field_12\" name=\"wpforms[fields][12]\"><\/div><div id=\"wpforms-703-field_13-container\" class=\"wpforms-field wpforms-field-hidden\" data-field-id=\"13\"><input type=\"hidden\" id=\"wpforms-703-field_13\" name=\"wpforms[fields][13]\"><\/div><script>\n\t\t\t\t( function() {\n\t\t\t\t\tconst style = document.createElement( 'style' );\n\t\t\t\t\tstyle.appendChild( document.createTextNode( '#wpforms-703-field_5-container { position: absolute !important; overflow: hidden !important; display: inline !important; height: 1px !important; width: 1px !important; z-index: -1000 !important; padding: 0 !important; } #wpforms-703-field_5-container input { visibility: hidden; } #wpforms-conversational-form-page #wpforms-703-field_5-container label { counter-increment: none; }' ) );\n\t\t\t\t\tdocument.head.appendChild( style );\n\t\t\t\t\tdocument.currentScript?.remove();\n\t\t\t\t} )();\n\t\t\t<\/script><\/div><!-- .wpforms-field-container --><div class=\"wpforms-recaptcha-container wpforms-is-recaptcha wpforms-is-recaptcha-type-v3\" ><input type=\"hidden\" name=\"wpforms[recaptcha]\" value=\"\"><\/div><div class=\"wpforms-submit-container\" ><input type=\"hidden\" name=\"wpforms[id]\" value=\"703\"><input type=\"hidden\" name=\"page_title\" value=\"\"><input type=\"hidden\" name=\"page_url\" value=\"https:\/\/glutenfreefoodprogram.com\/fr\/wp-json\/wp\/v2\/pages\/4349\"><input type=\"hidden\" name=\"url_referer\" value=\"\"><button type=\"submit\" name=\"wpforms[submit]\" id=\"wpforms-submit-703\" class=\"wpforms-submit\" data-alt-text=\"Sending...\" data-submit-text=\"Submit\" aria-live=\"assertive\" value=\"wpforms-submit\">Submit<\/button><\/div><\/form><\/div>  <!-- .wpforms-container -->\n\t\t\t\t\t\t\t\t<\/div>\n\t\t\t\t<\/div>\n\t\t\t\t\t<\/div>\n\t\t\t\t<\/div>\n\t\t\t\t<\/div>\n\t\t","protected":false},"excerpt":{"rendered":"<p>Contactez nous NOUS VOULONS AVOIR DE VOS NOUVELLES AUJOURD&#8217;HUI. Nous sommes impatients de collaborer avec vous dans le cadre de notre processus de certification. Nous vous invitons \u00e0 partager vos commentaires, messages et demandes ci-dessous. Nous sommes fiers de notre excellence en service client et de la mani\u00e8re rapide et amicale avec laquelle nous livrons [&hellip;]<\/p>\n","protected":false},"author":22,"featured_media":0,"parent":0,"menu_order":0,"comment_status":"closed","ping_status":"closed","template":"","meta":{"_acf_changed":false,"site-sidebar-layout":"no-sidebar","site-content-layout":"page-builder","ast-site-content-layout":"full-width-container","site-content-style":"default","site-sidebar-style":"default","ast-global-header-display":"","ast-banner-title-visibility":"","ast-main-header-display":"","ast-hfb-above-header-display":"","ast-hfb-below-header-display":"","ast-hfb-mobile-header-display":"","site-post-title":"disabled","ast-breadcrumbs-content":"","ast-featured-img":"disabled","footer-sml-layout":"","ast-disable-related-posts":"","theme-transparent-header-meta":"","adv-header-id-meta":"","stick-header-meta":"","header-above-stick-meta":"","header-main-stick-meta":"","header-below-stick-meta":"","astra-migrate-meta-layouts":"default","ast-page-background-enabled":"default","ast-page-background-meta":{"desktop":{"background-color":"","background-image":"","background-repeat":"repeat","background-position":"center center","background-size":"auto","background-attachment":"scroll","background-type":"","background-media":"","overlay-type":"","overlay-color":"","overlay-opacity":"","overlay-gradient":""},"tablet":{"background-color":"","background-image":"","background-repeat":"repeat","background-position":"center center","background-size":"auto","background-attachment":"scroll","background-type":"","background-media":"","overlay-type":"","overlay-color":"","overlay-opacity":"","overlay-gradient":""},"mobile":{"background-color":"","background-image":"","background-repeat":"repeat","background-position":"center center","background-size":"auto","background-attachment":"scroll","background-type":"","background-media":"","overlay-type":"","overlay-color":"","overlay-opacity":"","overlay-gradient":""}},"ast-content-background-meta":{"desktop":{"background-color":"var(--ast-global-color-5)","background-image":"","background-repeat":"repeat","background-position":"center center","background-size":"auto","background-attachment":"scroll","background-type":"","background-media":"","overlay-type":"","overlay-color":"","overlay-opacity":"","overlay-gradient":""},"tablet":{"background-color":"var(--ast-global-color-5)","background-image":"","background-repeat":"repeat","background-position":"center center","background-size":"auto","background-attachment":"scroll","background-type":"","background-media":"","overlay-type":"","overlay-color":"","overlay-opacity":"","overlay-gradient":""},"mobile":{"background-color":"var(--ast-global-color-5)","background-image":"","background-repeat":"repeat","background-position":"center center","background-size":"auto","background-attachment":"scroll","background-type":"","background-media":"","overlay-type":"","overlay-color":"","overlay-opacity":"","overlay-gradient":""}},"footnotes":""},"class_list":["post-4349","page","type-page","status-publish","hentry"],"acf":[],"yoast_head":"<!-- This site is optimized with the Yoast SEO plugin v27.0 - https:\/\/yoast.com\/product\/yoast-seo-wordpress\/ -->\n<title>Contactez nous - Gluten-Free Food Program - FR<\/title>\n<meta name=\"description\" content=\"Contactez nous NOUS VOULONS AVOIR DE VOS NOUVELLES AUJOURD&#039;HUI. Nous sommes impatients de collaborer avec vous dans le cadre de notre processus de\" \/>\n<meta name=\"robots\" content=\"index, follow, max-snippet:-1, max-image-preview:large, max-video-preview:-1\" \/>\n<link rel=\"canonical\" href=\"https:\/\/glutenfreefoodprogram.com\/fr\/contactez-nous\/\" \/>\n<meta property=\"og:locale\" content=\"fr_FR\" \/>\n<meta property=\"og:type\" content=\"article\" \/>\n<meta property=\"og:title\" content=\"Contactez nous - Gluten-Free Food Program - FR\" \/>\n<meta property=\"og:description\" content=\"Contactez nous NOUS VOULONS AVOIR DE VOS NOUVELLES AUJOURD&#039;HUI. Nous sommes impatients de collaborer avec vous dans le cadre de notre processus de\" \/>\n<meta property=\"og:url\" content=\"https:\/\/glutenfreefoodprogram.com\/fr\/contactez-nous\/\" \/>\n<meta property=\"og:site_name\" content=\"Gluten-Free Food Program\" \/>\n<meta property=\"article:publisher\" content=\"https:\/\/www.facebook.com\/gffoodprogram\/\" \/>\n<meta property=\"article:modified_time\" content=\"2025-11-18T01:57:36+00:00\" \/>\n<meta property=\"og:image\" content=\"https:\/\/glutenfreefoodprogram.com\/wp-content\/uploads\/2022\/10\/blog-recipe-banners.jpg\" \/>\n\t<meta property=\"og:image:width\" content=\"2240\" \/>\n\t<meta property=\"og:image:height\" content=\"1260\" \/>\n\t<meta property=\"og:image:type\" content=\"image\/jpeg\" \/>\n<meta name=\"twitter:card\" content=\"summary_large_image\" \/>\n<meta name=\"twitter:site\" content=\"@gffoodprogram\" \/>\n<script type=\"application\/ld+json\" class=\"yoast-schema-graph\">{\"@context\":\"https:\/\/schema.org\",\"@graph\":[{\"@type\":\"WebPage\",\"@id\":\"https:\/\/glutenfreefoodprogram.com\/fr\/contactez-nous\/\",\"url\":\"https:\/\/glutenfreefoodprogram.com\/fr\/contactez-nous\/\",\"name\":\"Contactez nous - Gluten-Free Food Program - FR\",\"isPartOf\":{\"@id\":\"https:\/\/glutenfreefoodprogram.com\/fr\/#website\"},\"datePublished\":\"2024-11-30T23:42:41+00:00\",\"dateModified\":\"2025-11-18T01:57:36+00:00\",\"description\":\"Contactez nous NOUS VOULONS AVOIR DE VOS NOUVELLES AUJOURD'HUI. Nous sommes impatients de collaborer avec vous dans le cadre de notre processus de\",\"breadcrumb\":{\"@id\":\"https:\/\/glutenfreefoodprogram.com\/fr\/contactez-nous\/#breadcrumb\"},\"inLanguage\":\"fr-FR\",\"potentialAction\":[{\"@type\":\"ReadAction\",\"target\":[\"https:\/\/glutenfreefoodprogram.com\/fr\/contactez-nous\/\"]}]},{\"@type\":\"BreadcrumbList\",\"@id\":\"https:\/\/glutenfreefoodprogram.com\/fr\/contactez-nous\/#breadcrumb\",\"itemListElement\":[{\"@type\":\"ListItem\",\"position\":1,\"name\":\"Home\",\"item\":\"https:\/\/glutenfreefoodprogram.com\/fr\/\"},{\"@type\":\"ListItem\",\"position\":2,\"name\":\"Contactez nous\"}]},{\"@type\":\"WebSite\",\"@id\":\"https:\/\/glutenfreefoodprogram.com\/fr\/#website\",\"url\":\"https:\/\/glutenfreefoodprogram.com\/fr\/\",\"name\":\"Gluten-Free Food Program\",\"description\":\"Your Premier Partner In Gluten-Free Certification\",\"publisher\":{\"@id\":\"https:\/\/glutenfreefoodprogram.com\/fr\/#organization\"},\"potentialAction\":[{\"@type\":\"SearchAction\",\"target\":{\"@type\":\"EntryPoint\",\"urlTemplate\":\"https:\/\/glutenfreefoodprogram.com\/fr\/?s={search_term_string}\"},\"query-input\":{\"@type\":\"PropertyValueSpecification\",\"valueRequired\":true,\"valueName\":\"search_term_string\"}}],\"inLanguage\":\"fr-FR\"},{\"@type\":\"Organization\",\"@id\":\"https:\/\/glutenfreefoodprogram.com\/fr\/#organization\",\"name\":\"Gluten-Free Food Program\",\"url\":\"https:\/\/glutenfreefoodprogram.com\/fr\/\",\"logo\":{\"@type\":\"ImageObject\",\"inLanguage\":\"fr-FR\",\"@id\":\"https:\/\/glutenfreefoodprogram.com\/fr\/#\/schema\/logo\/image\/\",\"url\":\"https:\/\/glutenfreefoodprogram.com\/wp-content\/uploads\/2022\/06\/large-logo-with-tag-ES.png\",\"contentUrl\":\"https:\/\/glutenfreefoodprogram.com\/wp-content\/uploads\/2022\/06\/large-logo-with-tag-ES.png\",\"width\":2963,\"height\":622,\"caption\":\"Gluten-Free Food Program\"},\"image\":{\"@id\":\"https:\/\/glutenfreefoodprogram.com\/fr\/#\/schema\/logo\/image\/\"},\"sameAs\":[\"https:\/\/www.facebook.com\/gffoodprogram\/\",\"https:\/\/x.com\/gffoodprogram\",\"https:\/\/www.linkedin.com\/company\/gffp-usa\/\",\"https:\/\/www.instagram.com\/gffoodprogram\/\"]}]}<\/script>\n<!-- \/ Yoast SEO plugin. -->","yoast_head_json":{"title":"Contactez nous - Gluten-Free Food Program - FR","description":"Contactez nous NOUS VOULONS AVOIR DE VOS NOUVELLES AUJOURD'HUI. Nous sommes impatients de collaborer avec vous dans le cadre de notre processus de","robots":{"index":"index","follow":"follow","max-snippet":"max-snippet:-1","max-image-preview":"max-image-preview:large","max-video-preview":"max-video-preview:-1"},"canonical":"https:\/\/glutenfreefoodprogram.com\/fr\/contactez-nous\/","og_locale":"fr_FR","og_type":"article","og_title":"Contactez nous - Gluten-Free Food Program - FR","og_description":"Contactez nous NOUS VOULONS AVOIR DE VOS NOUVELLES AUJOURD'HUI. Nous sommes impatients de collaborer avec vous dans le cadre de notre processus de","og_url":"https:\/\/glutenfreefoodprogram.com\/fr\/contactez-nous\/","og_site_name":"Gluten-Free Food Program","article_publisher":"https:\/\/www.facebook.com\/gffoodprogram\/","article_modified_time":"2025-11-18T01:57:36+00:00","og_image":[{"width":2240,"height":1260,"url":"https:\/\/glutenfreefoodprogram.com\/wp-content\/uploads\/2022\/10\/blog-recipe-banners.jpg","type":"image\/jpeg"}],"twitter_card":"summary_large_image","twitter_site":"@gffoodprogram","schema":{"@context":"https:\/\/schema.org","@graph":[{"@type":"WebPage","@id":"https:\/\/glutenfreefoodprogram.com\/fr\/contactez-nous\/","url":"https:\/\/glutenfreefoodprogram.com\/fr\/contactez-nous\/","name":"Contactez nous - Gluten-Free Food Program - FR","isPartOf":{"@id":"https:\/\/glutenfreefoodprogram.com\/fr\/#website"},"datePublished":"2024-11-30T23:42:41+00:00","dateModified":"2025-11-18T01:57:36+00:00","description":"Contactez nous NOUS VOULONS AVOIR DE VOS NOUVELLES AUJOURD'HUI. Nous sommes impatients de collaborer avec vous dans le cadre de notre processus de","breadcrumb":{"@id":"https:\/\/glutenfreefoodprogram.com\/fr\/contactez-nous\/#breadcrumb"},"inLanguage":"fr-FR","potentialAction":[{"@type":"ReadAction","target":["https:\/\/glutenfreefoodprogram.com\/fr\/contactez-nous\/"]}]},{"@type":"BreadcrumbList","@id":"https:\/\/glutenfreefoodprogram.com\/fr\/contactez-nous\/#breadcrumb","itemListElement":[{"@type":"ListItem","position":1,"name":"Home","item":"https:\/\/glutenfreefoodprogram.com\/fr\/"},{"@type":"ListItem","position":2,"name":"Contactez nous"}]},{"@type":"WebSite","@id":"https:\/\/glutenfreefoodprogram.com\/fr\/#website","url":"https:\/\/glutenfreefoodprogram.com\/fr\/","name":"Gluten-Free Food Program","description":"Your Premier Partner In Gluten-Free Certification","publisher":{"@id":"https:\/\/glutenfreefoodprogram.com\/fr\/#organization"},"potentialAction":[{"@type":"SearchAction","target":{"@type":"EntryPoint","urlTemplate":"https:\/\/glutenfreefoodprogram.com\/fr\/?s={search_term_string}"},"query-input":{"@type":"PropertyValueSpecification","valueRequired":true,"valueName":"search_term_string"}}],"inLanguage":"fr-FR"},{"@type":"Organization","@id":"https:\/\/glutenfreefoodprogram.com\/fr\/#organization","name":"Gluten-Free Food Program","url":"https:\/\/glutenfreefoodprogram.com\/fr\/","logo":{"@type":"ImageObject","inLanguage":"fr-FR","@id":"https:\/\/glutenfreefoodprogram.com\/fr\/#\/schema\/logo\/image\/","url":"https:\/\/glutenfreefoodprogram.com\/wp-content\/uploads\/2022\/06\/large-logo-with-tag-ES.png","contentUrl":"https:\/\/glutenfreefoodprogram.com\/wp-content\/uploads\/2022\/06\/large-logo-with-tag-ES.png","width":2963,"height":622,"caption":"Gluten-Free Food Program"},"image":{"@id":"https:\/\/glutenfreefoodprogram.com\/fr\/#\/schema\/logo\/image\/"},"sameAs":["https:\/\/www.facebook.com\/gffoodprogram\/","https:\/\/x.com\/gffoodprogram","https:\/\/www.linkedin.com\/company\/gffp-usa\/","https:\/\/www.instagram.com\/gffoodprogram\/"]}]}},"_links":{"self":[{"href":"https:\/\/glutenfreefoodprogram.com\/fr\/wp-json\/wp\/v2\/pages\/4349","targetHints":{"allow":["GET"]}}],"collection":[{"href":"https:\/\/glutenfreefoodprogram.com\/fr\/wp-json\/wp\/v2\/pages"}],"about":[{"href":"https:\/\/glutenfreefoodprogram.com\/fr\/wp-json\/wp\/v2\/types\/page"}],"author":[{"embeddable":true,"href":"https:\/\/glutenfreefoodprogram.com\/fr\/wp-json\/wp\/v2\/users\/22"}],"replies":[{"embeddable":true,"href":"https:\/\/glutenfreefoodprogram.com\/fr\/wp-json\/wp\/v2\/comments?post=4349"}],"version-history":[{"count":0,"href":"https:\/\/glutenfreefoodprogram.com\/fr\/wp-json\/wp\/v2\/pages\/4349\/revisions"}],"wp:attachment":[{"href":"https:\/\/glutenfreefoodprogram.com\/fr\/wp-json\/wp\/v2\/media?parent=4349"}],"curies":[{"name":"wp","href":"https:\/\/api.w.org\/{rel}","templated":true}]}}